{"id":3,"date":"2022-11-21T20:09:18","date_gmt":"2022-11-21T20:09:18","guid":{"rendered":"https:\/\/artisticexpressions.ro\/?page_id=3"},"modified":"2022-12-31T11:47:07","modified_gmt":"2022-12-31T09:47:07","slug":"privacy-policy","status":"publish","type":"page","link":"https:\/\/artisticexpressions.ro\/index.php\/privacy-policy\/","title":{"rendered":"Politic\u0103 de confiden\u021bialitate"},"content":{"rendered":"\t\t<div data-elementor-type=\"wp-page\" data-elementor-id=\"3\" class=\"elementor elementor-3\">\n\t\t\t\t\t\t<section class=\"elementor-section elementor-top-section elementor-element elementor-element-5a85d3e1 elementor-section-boxed elementor-section-height-default elementor-section-height-default\" data-id=\"5a85d3e1\" data-element_type=\"section\" data-e-type=\"section\">\n\t\t\t\t\t\t<div class=\"elementor-container elementor-column-gap-default\">\n\t\t\t\t\t<div class=\"elementor-column elementor-col-100 elementor-top-column elementor-element elementor-element-1fe4ed0\" data-id=\"1fe4ed0\" data-element_type=\"column\" data-e-type=\"column\">\n\t\t\t<div class=\"elementor-widget-wrap elementor-element-populated\">\n\t\t\t\t\t\t<div class=\"elementor-element elementor-element-20894ca3 elementor-widget elementor-widget-text-editor\" data-id=\"20894ca3\" data-element_type=\"widget\" data-e-type=\"widget\" data-widget_type=\"text-editor.default\">\n\t\t\t\t<div class=\"elementor-widget-container\">\n\t\t\t\t\t\t\t\t\t<p>1. Date personale<br \/>Noi, firma Artistic Expressions SRL, lu\u0103m \u00een serios protec\u021bia datelor \u0219i respect\u0103m intimitatea dumneavoastr\u0103. Colect\u0103m, proces\u0103m \u0219i folosim datele dvs. personale numai cu consim\u021b\u0103m\u00e2ntul dvs. sau dac\u0103 exist\u0103 un alt temei juridic \u00een acest sens, \u00een conformitate cu GDPR; toate \u00een conformitate cu reglement\u0103rile privind protec\u021bia datelor \u0219i dreptul civil.<\/p><p>Datele personale sunt colectate numai \u00een m\u0103sura \u00een care este\u00a0necesar pentru a desf\u0103\u0219ura \u0219i procesa rela\u021bia noastr\u0103 de afaceri sau\u00a0pe care ni le-a\u021bi furnizat voluntar.<\/p><p>Datele personale reprezint\u0103 orice informa\u021bii care con\u021bin date despre circumstan\u021be personale sau materiale, cum ar fi numele, adresa po\u0219tal\u0103, adresa de e-mail \u0219i num\u0103rul de telefon.<\/p><p>2. Acces \u0219i \u0219tergere<br \/>\u00cen orice moment, ave\u021bi dreptul de a accesa datele dvs. personale stocate, originea \u0219i destinatarii acestora, precum \u0219i scopul prelucr\u0103rii lor, precum \u0219i dreptul la rectificare, portabilitate, obiec\u021bii, limitarea prelucr\u0103rii \u0219i blocarea sau \u0219tergerea datelor inexacte sau ilegale prelucrate.<\/p><p>Dac\u0103 exist\u0103 modific\u0103ri \u00een datele dvs. personale, v\u0103 rug\u0103m s\u0103 ne anun\u021ba\u021bi \u00een consecin\u021b\u0103.<\/p><p>Ave\u021bi dreptul s\u0103 retrage\u021bi oric\u00e2nd orice consim\u021b\u0103m\u00e2nt acordat prelucr\u0103rii datelor dvs. personale \u00een orice moment. Cererea dvs. de acces, \u0219tergere, rectificare, obiec\u021biune \u0219i \/ sau portabilitate, \u00een cazul celor din urm\u0103, dac\u0103 nu implic\u0103 un efort dispropor\u021bionat, poate fi adresat\u0103 contactelor enumerate \u00een sec\u021biunea 10 a prezentei declara\u021bii.<\/p><p>Atunci c\u00e2nd\u00a0considera\u021bi c\u0103 prelucrarea datelor dvs. personale de c\u0103tre noi \u00eencalc\u0103 legisla\u021bia privind protec\u021bia datelor sau c\u0103 drepturile dvs. de protec\u021bie a datelor dvs. au fost \u00eenc\u0103lcate \u00een alt mod, ave\u021bi dreptul s\u0103 depune\u021bi o pl\u00e2ngere la autoritatea de supraveghere competent\u0103.<\/p><p>3. Confiden\u021bialitatea datelor<br \/>Pentru protec\u021bia datelor dvs. personale, lu\u0103m m\u0103suri de precau\u021bie organiza\u021bionale \u0219i tehnice adecvate. Aceste m\u0103suri de precau\u021bie se refer\u0103, \u00een special, la m\u0103suri de protec\u021bie \u00eempotriva accesului neautorizat, ilegal \u0219i inclusiv a accesului accidental, a prelucr\u0103rii, a pierderii, a utiliz\u0103rii \u0219i a manipul\u0103rii. \u00cen ciuda tuturor eforturilor de a men\u021bine un nivel \u00eenalt corespunz\u0103tor cerin\u021belor mari de diligen\u021b\u0103, nu se poate exclude ca informa\u021biile pe care ni le pune\u021bi la dispozi\u021bie prin intermediul internetului s\u0103 poat\u0103 fi v\u0103zute \u0219i utilizate de ter\u021bi.<\/p><p>V\u0103 rug\u0103m s\u0103 re\u021bine\u021bi, a\u0219adar, c\u0103 nu ne asum\u0103m nicio r\u0103spundere pentru dezv\u0103luirea informa\u021biilor din cauza unor erori \u00een timpul transmisiei de date care nu sunt cauzate de noi \u0219i\/sau a accesului neautorizat al ter\u021bilor (de exemplu atac de hacker pe un cont de e-mail sau telefon, interceptarea faxurilor).<\/p><p>4. Utilizarea datelor<br \/>Vom procesa datele pe care ni le-a\u021bi\u00a0pus la dispozi\u021bie \u00een scopuri de marketing, pentru a trimite buletine de \u0219tiri \u0219i pentru a v\u0103 contacta, prin e-mail, prin po\u0219t\u0103 sau prin telefon, \u00een scopuri la care v-a\u021bi dat acordul sau care sunt reglementate \u00een conformitate cu GDPR. Scutit\u0103\u00a0de aceasta este utilizarea \u00een scopuri statistice, dac\u0103 datele puse la dispozi\u021bie au fost anonime.<\/p><p>5. Transferul datelor c\u0103tre ter\u021be p\u0103r\u021bi<br \/>Pentru a v\u0103 putea finaliza comanda, poate fi necesar sau impus de lege, s\u0103 v\u0103 transfer\u0103m datele unor ter\u021be p\u0103r\u021bi (de exemplu, furnizorii de servicii pe care \u00eei angaj\u0103m \u0219i c\u0103rora le punem la dispozi\u021bie date etc.), instan\u021belor sau autorit\u0103\u021bilor publice. Transferul datelor dvs. va fi efectuat exclusiv \u00een conformitate cu GDPR, \u00een special pentru finalizarea comenzii dvs. sau pe baza consim\u021b\u0103m\u00e2ntului dvs. prealabil.<\/p><p>6. Raportarea incidentelor de date<br \/>Scopul nostru este de a ne asigura c\u0103 neajunsurile legate de datele personale sunt detectate c\u00e2t mai cur\u00e2nd posibil \u0219i c\u0103 acestea vor fi raportate, dup\u0103 caz, \u00een func\u021bie de categoriile respective de date, dumneavoastr\u0103\u00a0sau autorit\u0103\u021bii de supraveghere a jurisdic\u021biei.<\/p><p>7. Re\u021binerea datelor<br \/>Vom p\u0103stra datele nu mai mult dec\u00e2t este necesar pentru a ne \u00eendeplini obliga\u021biile contractuale sau legale \u0219i pentru a ne ap\u0103ra \u00eempotriva oric\u0103ror cereri de r\u0103spundere.<\/p><p>\u00a0<\/p>\t\t\t\t\t\t\t\t<\/div>\n\t\t\t\t<\/div>\n\t\t\t\t\t<\/div>\n\t\t<\/div>\n\t\t\t\t\t<\/div>\n\t\t<\/section>\n\t\t\t\t<\/div>\n\t\t","protected":false},"excerpt":{"rendered":"<p>1. Date personale Noi, firma Artistic Expressions SRL, lu\u0103m \u00een serios protec\u021bia datelor \u0219i respect\u0103m intimitatea dumneavoastr\u0103. Colect\u0103m, proces\u0103m \u0219i folosim datele dvs. personale numai cu consim\u021b\u0103m\u00e2ntul dvs. sau dac\u0103 exist\u0103 un alt temei juridic \u00een acest sens, \u00een conformitate cu GDPR; toate \u00een conformitate cu reglement\u0103rile privind protec\u021bia datelor \u0219i dreptul civil. Datele personale [&hellip;]<\/p>\n","protected":false},"author":1,"featured_media":0,"parent":0,"menu_order":0,"comment_status":"closed","ping_status":"open","template":"","meta":{"_eb_attr":"","_monsterinsights_skip_tracking":false,"_monsterinsights_sitenote_active":false,"_monsterinsights_sitenote_note":"","_monsterinsights_sitenote_category":0,"site-sidebar-layout":"default","site-content-layout":"","ast-site-content-layout":"default","site-content-style":"default","site-sidebar-style":"default","ast-global-header-display":"","ast-banner-title-visibility":"","ast-main-header-display":"","ast-hfb-above-header-display":"","ast-hfb-below-header-display":"","ast-hfb-mobile-header-display":"","site-post-title":"","ast-breadcrumbs-content":"","ast-featured-img":"","footer-sml-layout":"","ast-disable-related-posts":"","theme-transparent-header-meta":"","adv-header-id-meta":"","stick-header-meta":"","header-above-stick-meta":"","header-main-stick-meta":"","header-below-stick-meta":"","astra-migrate-meta-layouts":"default","ast-page-background-enabled":"default","ast-page-background-meta":{"desktop":{"background-color":"var(--ast-global-color-4)","background-image":"","background-repeat":"repeat","background-position":"center center","background-size":"auto","background-attachment":"scroll","background-type":"","background-media":"","overlay-type":"","overlay-color":"","overlay-opacity":"","overlay-gradient":""},"tablet":{"background-color":"","background-image":"","background-repeat":"repeat","background-position":"center center","background-size":"auto","background-attachment":"scroll","background-type":"","background-media":"","overlay-type":"","overlay-color":"","overlay-opacity":"","overlay-gradient":""},"mobile":{"background-color":"","background-image":"","background-repeat":"repeat","background-position":"center center","background-size":"auto","background-attachment":"scroll","background-type":"","background-media":"","overlay-type":"","overlay-color":"","overlay-opacity":"","overlay-gradient":""}},"ast-content-background-meta":{"desktop":{"background-color":"var(--ast-global-color-5)","background-image":"","background-repeat":"repeat","background-position":"center center","background-size":"auto","background-attachment":"scroll","background-type":"","background-media":"","overlay-type":"","overlay-color":"","overlay-opacity":"","overlay-gradient":""},"tablet":{"background-color":"var(--ast-global-color-5)","background-image":"","background-repeat":"repeat","background-position":"center center","background-size":"auto","background-attachment":"scroll","background-type":"","background-media":"","overlay-type":"","overlay-color":"","overlay-opacity":"","overlay-gradient":""},"mobile":{"background-color":"var(--ast-global-color-5)","background-image":"","background-repeat":"repeat","background-position":"center center","background-size":"auto","background-attachment":"scroll","background-type":"","background-media":"","overlay-type":"","overlay-color":"","overlay-opacity":"","overlay-gradient":""}},"footnotes":""},"class_list":["post-3","page","type-page","status-publish","hentry"],"aioseo_notices":[],"jetpack_sharing_enabled":true,"_links":{"self":[{"href":"https:\/\/artisticexpressions.ro\/index.php\/wp-json\/wp\/v2\/pages\/3","targetHints":{"allow":["GET"]}}],"collection":[{"href":"https:\/\/artisticexpressions.ro\/index.php\/wp-json\/wp\/v2\/pages"}],"about":[{"href":"https:\/\/artisticexpressions.ro\/index.php\/wp-json\/wp\/v2\/types\/page"}],"author":[{"embeddable":true,"href":"https:\/\/artisticexpressions.ro\/index.php\/wp-json\/wp\/v2\/users\/1"}],"replies":[{"embeddable":true,"href":"https:\/\/artisticexpressions.ro\/index.php\/wp-json\/wp\/v2\/comments?post=3"}],"version-history":[{"count":11,"href":"https:\/\/artisticexpressions.ro\/index.php\/wp-json\/wp\/v2\/pages\/3\/revisions"}],"predecessor-version":[{"id":612,"href":"https:\/\/artisticexpressions.ro\/index.php\/wp-json\/wp\/v2\/pages\/3\/revisions\/612"}],"wp:attachment":[{"href":"https:\/\/artisticexpressions.ro\/index.php\/wp-json\/wp\/v2\/media?parent=3"}],"curies":[{"name":"wp","href":"https:\/\/api.w.org\/{rel}","templated":true}]}}