{"id":1167,"date":"2023-05-11T16:34:07","date_gmt":"2023-05-11T14:34:07","guid":{"rendered":"https:\/\/artisticexpressions.ro\/?post_type=product&#038;p=1167"},"modified":"2023-05-11T17:48:59","modified_gmt":"2023-05-11T15:48:59","slug":"camasa-cu-maneca-scurta","status":"publish","type":"product","link":"https:\/\/artisticexpressions.ro\/index.php\/produs\/camasa-cu-maneca-scurta\/","title":{"rendered":"C\u0103ma\u0219\u0103 Felix"},"content":{"rendered":"","protected":false},"excerpt":{"rendered":"<p>&#8211; guler rusesc<br \/>\n&#8211; \u00eenchidere cu nasturi<br \/>\n&#8211; m\u00e2neci: (la alegere)<br \/>\n&#8211; carpatin 100% (bumbac presat)<br \/>\nCulori disponibile:<br \/>\n&#8211; alb<\/p>\n<p>C\u0103ma\u015f\u0103 simpl\u0103 \u015fi comod\u0103 pentru toate v\u00e2rstele.<\/p>\n","protected":false},"featured_media":1164,"comment_status":"open","ping_status":"closed","template":"","meta":{"_eb_attr":"","_monsterinsights_skip_tracking":false,"_monsterinsights_sitenote_active":false,"_monsterinsights_sitenote_note":"","_monsterinsights_sitenote_category":0,"site-sidebar-layout":"default","site-content-layout":"default","ast-site-content-layout":"default","site-content-style":"default","site-sidebar-style":"default","ast-global-header-display":"","ast-banner-title-visibility":"","ast-main-header-display":"","ast-hfb-above-header-display":"","ast-hfb-below-header-display":"","ast-hfb-mobile-header-display":"","site-post-title":"","ast-breadcrumbs-content":"","ast-featured-img":"","footer-sml-layout":"","ast-disable-related-posts":"","theme-transparent-header-meta":"default","adv-header-id-meta":"","stick-header-meta":"","header-above-stick-meta":"","header-main-stick-meta":"","header-below-stick-meta":"","astra-migrate-meta-layouts":"default","ast-page-background-enabled":"default","ast-page-background-meta":{"desktop":{"background-color":"var(--ast-global-color-4)","background-image":"","background-repeat":"repeat","background-position":"center center","background-size":"auto","background-attachment":"scroll","background-type":"","background-media":"","overlay-type":"","overlay-color":"","overlay-opacity":"","overlay-gradient":""},"tablet":{"background-color":"","background-image":"","background-repeat":"repeat","background-position":"center center","background-size":"auto","background-attachment":"scroll","background-type":"","background-media":"","overlay-type":"","overlay-color":"","overlay-opacity":"","overlay-gradient":""},"mobile":{"background-color":"","background-image":"","background-repeat":"repeat","background-position":"center center","background-size":"auto","background-attachment":"scroll","background-type":"","background-media":"","overlay-type":"","overlay-color":"","overlay-opacity":"","overlay-gradient":""}},"ast-content-background-meta":{"desktop":{"background-color":"var(--ast-global-color-5)","background-image":"","background-repeat":"repeat","background-position":"center center","background-size":"auto","background-attachment":"scroll","background-type":"","background-media":"","overlay-type":"","overlay-color":"","overlay-opacity":"","overlay-gradient":""},"tablet":{"background-color":"var(--ast-global-color-5)","background-image":"","background-repeat":"repeat","background-position":"center center","background-size":"auto","background-attachment":"scroll","background-type":"","background-media":"","overlay-type":"","overlay-color":"","overlay-opacity":"","overlay-gradient":""},"mobile":{"background-color":"var(--ast-global-color-5)","background-image":"","background-repeat":"repeat","background-position":"center center","background-size":"auto","background-attachment":"scroll","background-type":"","background-media":"","overlay-type":"","overlay-color":"","overlay-opacity":"","overlay-gradient":""}}},"product_brand":[],"product_cat":[18,76],"product_tag":[90,153],"class_list":{"0":"post-1167","1":"product","2":"type-product","3":"status-publish","4":"has-post-thumbnail","6":"product_cat-camasi","7":"product_cat-camasi-baieti","8":"product_tag-alb","9":"product_tag-felix","10":"desktop-align-center","11":"tablet-align-left","12":"mobile-align-left","14":"first","15":"instock","16":"shipping-taxable","17":"purchasable","18":"product-type-simple"},"aioseo_notices":[],"jetpack_sharing_enabled":true,"_links":{"self":[{"href":"https:\/\/artisticexpressions.ro\/index.php\/wp-json\/wp\/v2\/product\/1167","targetHints":{"allow":["GET"]}}],"collection":[{"href":"https:\/\/artisticexpressions.ro\/index.php\/wp-json\/wp\/v2\/product"}],"about":[{"href":"https:\/\/artisticexpressions.ro\/index.php\/wp-json\/wp\/v2\/types\/product"}],"replies":[{"embeddable":true,"href":"https:\/\/artisticexpressions.ro\/index.php\/wp-json\/wp\/v2\/comments?post=1167"}],"wp:featuredmedia":[{"embeddable":true,"href":"https:\/\/artisticexpressions.ro\/index.php\/wp-json\/wp\/v2\/media\/1164"}],"wp:attachment":[{"href":"https:\/\/artisticexpressions.ro\/index.php\/wp-json\/wp\/v2\/media?parent=1167"}],"wp:term":[{"taxonomy":"product_brand","embeddable":true,"href":"https:\/\/artisticexpressions.ro\/index.php\/wp-json\/wp\/v2\/product_brand?post=1167"},{"taxonomy":"product_cat","embeddable":true,"href":"https:\/\/artisticexpressions.ro\/index.php\/wp-json\/wp\/v2\/product_cat?post=1167"},{"taxonomy":"product_tag","embeddable":true,"href":"https:\/\/artisticexpressions.ro\/index.php\/wp-json\/wp\/v2\/product_tag?post=1167"}],"curies":[{"name":"wp","href":"https:\/\/api.w.org\/{rel}","templated":true}]}}