{"id":184,"date":"2022-12-10T19:55:34","date_gmt":"2022-12-10T17:55:34","guid":{"rendered":"https:\/\/artisticexpressions.ro\/?post_type=product&#038;p=184"},"modified":"2022-12-16T15:33:24","modified_gmt":"2022-12-16T13:33:24","slug":"rochie-bonitta","status":"publish","type":"product","link":"https:\/\/artisticexpressions.ro\/index.php\/produs\/rochie-bonitta\/","title":{"rendered":"Rochie Bonitta"},"content":{"rendered":"<p>Rochia Bonitta ro\u0219u cu flori albe este o rochie comod\u0103 \u0219i elegant\u0103 cu m\u00e2nec\u0103 la alegere. Este o rochie potrivit\u0103 pentru toate v\u00e2rstele.<\/p>\n","protected":false},"excerpt":{"rendered":"<p>Culoare: Ro\u0219u cu Alb<br \/>\nM\u00e2nec\u0103: la alegere<br \/>\nGuler: rotund<br \/>\n\u00cenchidere: nasturi \u00een fa\u0163\u0103 (parte de sus)<br \/>\nCompozi\u021bie: bumbac 100%<\/p>\n","protected":false},"featured_media":186,"comment_status":"open","ping_status":"closed","template":"","meta":{"_eb_attr":"","_monsterinsights_skip_tracking":false,"_monsterinsights_sitenote_active":false,"_monsterinsights_sitenote_note":"","_monsterinsights_sitenote_category":0,"site-sidebar-layout":"default","site-content-layout":"default","ast-site-content-layout":"default","site-content-style":"default","site-sidebar-style":"default","ast-global-header-display":"","ast-banner-title-visibility":"","ast-main-header-display":"","ast-hfb-above-header-display":"","ast-hfb-below-header-display":"","ast-hfb-mobile-header-display":"","site-post-title":"","ast-breadcrumbs-content":"","ast-featured-img":"","footer-sml-layout":"","ast-disable-related-posts":"","theme-transparent-header-meta":"default","adv-header-id-meta":"","stick-header-meta":"","header-above-stick-meta":"","header-main-stick-meta":"","header-below-stick-meta":"","astra-migrate-meta-layouts":"default","ast-page-background-enabled":"default","ast-page-background-meta":{"desktop":{"background-color":"var(--ast-global-color-4)","background-image":"","background-repeat":"repeat","background-position":"center center","background-size":"auto","background-attachment":"scroll","background-type":"","background-media":"","overlay-type":"","overlay-color":"","overlay-opacity":"","overlay-gradient":""},"tablet":{"background-color":"","background-image":"","background-repeat":"repeat","background-position":"center center","background-size":"auto","background-attachment":"scroll","background-type":"","background-media":"","overlay-type":"","overlay-color":"","overlay-opacity":"","overlay-gradient":""},"mobile":{"background-color":"","background-image":"","background-repeat":"repeat","background-position":"center center","background-size":"auto","background-attachment":"scroll","background-type":"","background-media":"","overlay-type":"","overlay-color":"","overlay-opacity":"","overlay-gradient":""}},"ast-content-background-meta":{"desktop":{"background-color":"var(--ast-global-color-5)","background-image":"","background-repeat":"repeat","background-position":"center center","background-size":"auto","background-attachment":"scroll","background-type":"","background-media":"","overlay-type":"","overlay-color":"","overlay-opacity":"","overlay-gradient":""},"tablet":{"background-color":"var(--ast-global-color-5)","background-image":"","background-repeat":"repeat","background-position":"center center","background-size":"auto","background-attachment":"scroll","background-type":"","background-media":"","overlay-type":"","overlay-color":"","overlay-opacity":"","overlay-gradient":""},"mobile":{"background-color":"var(--ast-global-color-5)","background-image":"","background-repeat":"repeat","background-position":"center center","background-size":"auto","background-attachment":"scroll","background-type":"","background-media":"","overlay-type":"","overlay-color":"","overlay-opacity":"","overlay-gradient":""}}},"product_brand":[],"product_cat":[24,28],"product_tag":[63,62,34,59,57],"class_list":{"0":"post-184","1":"product","2":"type-product","3":"status-publish","4":"has-post-thumbnail","6":"product_cat-rochii","7":"product_cat-rochii-fetite","8":"product_tag-bonitta","9":"product_tag-rochie-bonitta","10":"product_tag-rochii","11":"product_tag-rochii-fetite","12":"product_tag-rosu-cu-alb","13":"desktop-align-center","14":"tablet-align-left","15":"mobile-align-left","17":"first","18":"instock","19":"shipping-taxable","20":"purchasable","21":"product-type-variable"},"aioseo_notices":[],"jetpack_sharing_enabled":true,"_links":{"self":[{"href":"https:\/\/artisticexpressions.ro\/index.php\/wp-json\/wp\/v2\/product\/184","targetHints":{"allow":["GET"]}}],"collection":[{"href":"https:\/\/artisticexpressions.ro\/index.php\/wp-json\/wp\/v2\/product"}],"about":[{"href":"https:\/\/artisticexpressions.ro\/index.php\/wp-json\/wp\/v2\/types\/product"}],"replies":[{"embeddable":true,"href":"https:\/\/artisticexpressions.ro\/index.php\/wp-json\/wp\/v2\/comments?post=184"}],"wp:featuredmedia":[{"embeddable":true,"href":"https:\/\/artisticexpressions.ro\/index.php\/wp-json\/wp\/v2\/media\/186"}],"wp:attachment":[{"href":"https:\/\/artisticexpressions.ro\/index.php\/wp-json\/wp\/v2\/media?parent=184"}],"wp:term":[{"taxonomy":"product_brand","embeddable":true,"href":"https:\/\/artisticexpressions.ro\/index.php\/wp-json\/wp\/v2\/product_brand?post=184"},{"taxonomy":"product_cat","embeddable":true,"href":"https:\/\/artisticexpressions.ro\/index.php\/wp-json\/wp\/v2\/product_cat?post=184"},{"taxonomy":"product_tag","embeddable":true,"href":"https:\/\/artisticexpressions.ro\/index.php\/wp-json\/wp\/v2\/product_tag?post=184"}],"curies":[{"name":"wp","href":"https:\/\/api.w.org\/{rel}","templated":true}]}}