{"id":3177,"date":"2025-04-11T23:54:07","date_gmt":"2025-04-11T21:54:07","guid":{"rendered":"https:\/\/artisticexpressions.ro\/?post_type=product&#038;p=3177"},"modified":"2025-04-15T21:09:19","modified_gmt":"2025-04-15T19:09:19","slug":"rochie-adnana","status":"publish","type":"product","link":"https:\/\/artisticexpressions.ro\/index.php\/produs\/rochie-adnana\/","title":{"rendered":"Rochie Adnana"},"content":{"rendered":"<p>\ud83c\udf1f Rochie Elegant\u0103 de Dam\u0103 din Tafta Lucioas\u0103 \u2013 Rafinament pentru Femeia Modern\u0103 \ud83c\udf1f<\/p>\n<p>Transform\u0103 fiecare apari\u021bie \u00eentr-o declara\u021bie de stil cu aceast\u0103 rochie elegant\u0103 de dam\u0103, realizat\u0103 din tafta lucioas\u0103 \u2013 un material nobil, cu un luciu subtil \u0219i o \u021binut\u0103 impecabil\u0103.<\/p>\n<p>\ud83d\udc57 Detalii care inspir\u0103 elegan\u021b\u0103:<br \/>\n\u2714\ufe0f M\u00e2neci lungi din voal transparent \u2013 fine\u021be \u0219i feminitate<br \/>\n\u2714\ufe0f Croial\u0103 tip corset cu nasturi decorativi \u2013 subliniaz\u0103 delicat talia<br \/>\n\u2714\ufe0f Fust\u0103 midi, fluid\u0103 \u2013 perfect\u0103 pentru evenimente speciale sau apari\u021bii elegante<br \/>\n\u2714\ufe0f Material: Tafta lucioas\u0103 \u2013 u\u0219or rigid\u0103, pentru o form\u0103 bine definit\u0103<\/p>\n<p>\ud83d\udccf Disponibil\u0103 pe m\u0103rimi: S, M, L<br \/>\n\ud83c\udf81 Livrare rapid\u0103 \u00een toat\u0103 \u021bara!<\/p>\n","protected":false},"excerpt":{"rendered":"<p>\ud83c\udf1f Rochie Elegant\u0103 de Dam\u0103 din Tafta Lucioas\u0103 \u2013 Rafinament pentru Femeia Modern\u0103 \ud83c\udf1f Transform\u0103 fiecare apari\u021bie \u00eentr-o declara\u021bie de stil cu aceast\u0103 rochie elegant\u0103 de dam\u0103, realizat\u0103 din tafta lucioas\u0103 \u2013 un material nobil, cu un luciu subtil \u0219i o \u021binut\u0103 impecabil\u0103. \ud83d\udc57 Detalii care inspir\u0103 elegan\u021b\u0103: \u2714\ufe0f M\u00e2neci lungi din voal transparent \u2013 [&hellip;]<\/p>\n","protected":false},"featured_media":3181,"comment_status":"open","ping_status":"closed","template":"","meta":{"_eb_attr":"","_monsterinsights_skip_tracking":false,"_monsterinsights_sitenote_active":false,"_monsterinsights_sitenote_note":"","_monsterinsights_sitenote_category":0,"site-sidebar-layout":"default","site-content-layout":"","ast-site-content-layout":"default","site-content-style":"default","site-sidebar-style":"default","ast-global-header-display":"","ast-banner-title-visibility":"","ast-main-header-display":"","ast-hfb-above-header-display":"","ast-hfb-below-header-display":"","ast-hfb-mobile-header-display":"","site-post-title":"","ast-breadcrumbs-content":"","ast-featured-img":"","footer-sml-layout":"","ast-disable-related-posts":"","theme-transparent-header-meta":"default","adv-header-id-meta":"","stick-header-meta":"","header-above-stick-meta":"","header-main-stick-meta":"","header-below-stick-meta":"","astra-migrate-meta-layouts":"set","ast-page-background-enabled":"default","ast-page-background-meta":{"desktop":{"background-color":"var(--ast-global-color-4)","background-image":"","background-repeat":"repeat","background-position":"center center","background-size":"auto","background-attachment":"scroll","background-type":"","background-media":"","overlay-type":"","overlay-color":"","overlay-opacity":"","overlay-gradient":""},"tablet":{"background-color":"","background-image":"","background-repeat":"repeat","background-position":"center center","background-size":"auto","background-attachment":"scroll","background-type":"","background-media":"","overlay-type":"","overlay-color":"","overlay-opacity":"","overlay-gradient":""},"mobile":{"background-color":"","background-image":"","background-repeat":"repeat","background-position":"center center","background-size":"auto","background-attachment":"scroll","background-type":"","background-media":"","overlay-type":"","overlay-color":"","overlay-opacity":"","overlay-gradient":""}},"ast-content-background-meta":{"desktop":{"background-color":"var(--ast-global-color-5)","background-image":"","background-repeat":"repeat","background-position":"center center","background-size":"auto","background-attachment":"scroll","background-type":"","background-media":"","overlay-type":"","overlay-color":"","overlay-opacity":"","overlay-gradient":""},"tablet":{"background-color":"var(--ast-global-color-5)","background-image":"","background-repeat":"repeat","background-position":"center center","background-size":"auto","background-attachment":"scroll","background-type":"","background-media":"","overlay-type":"","overlay-color":"","overlay-opacity":"","overlay-gradient":""},"mobile":{"background-color":"var(--ast-global-color-5)","background-image":"","background-repeat":"repeat","background-position":"center center","background-size":"auto","background-attachment":"scroll","background-type":"","background-media":"","overlay-type":"","overlay-color":"","overlay-opacity":"","overlay-gradient":""}}},"product_brand":[],"product_cat":[24,27],"product_tag":[],"class_list":{"0":"post-3177","1":"product","2":"type-product","3":"status-publish","4":"has-post-thumbnail","6":"product_cat-rochii","7":"product_cat-rochii-elegante","8":"desktop-align-center","9":"tablet-align-left","10":"mobile-align-left","12":"first","13":"instock","14":"shipping-taxable","15":"purchasable","16":"product-type-variable"},"aioseo_notices":[],"jetpack_sharing_enabled":true,"_links":{"self":[{"href":"https:\/\/artisticexpressions.ro\/index.php\/wp-json\/wp\/v2\/product\/3177","targetHints":{"allow":["GET"]}}],"collection":[{"href":"https:\/\/artisticexpressions.ro\/index.php\/wp-json\/wp\/v2\/product"}],"about":[{"href":"https:\/\/artisticexpressions.ro\/index.php\/wp-json\/wp\/v2\/types\/product"}],"replies":[{"embeddable":true,"href":"https:\/\/artisticexpressions.ro\/index.php\/wp-json\/wp\/v2\/comments?post=3177"}],"wp:featuredmedia":[{"embeddable":true,"href":"https:\/\/artisticexpressions.ro\/index.php\/wp-json\/wp\/v2\/media\/3181"}],"wp:attachment":[{"href":"https:\/\/artisticexpressions.ro\/index.php\/wp-json\/wp\/v2\/media?parent=3177"}],"wp:term":[{"taxonomy":"product_brand","embeddable":true,"href":"https:\/\/artisticexpressions.ro\/index.php\/wp-json\/wp\/v2\/product_brand?post=3177"},{"taxonomy":"product_cat","embeddable":true,"href":"https:\/\/artisticexpressions.ro\/index.php\/wp-json\/wp\/v2\/product_cat?post=3177"},{"taxonomy":"product_tag","embeddable":true,"href":"https:\/\/artisticexpressions.ro\/index.php\/wp-json\/wp\/v2\/product_tag?post=3177"}],"curies":[{"name":"wp","href":"https:\/\/api.w.org\/{rel}","templated":true}]}}