{"id":3188,"date":"2025-04-12T00:02:05","date_gmt":"2025-04-11T22:02:05","guid":{"rendered":"https:\/\/artisticexpressions.ro\/?post_type=product&#038;p=3188"},"modified":"2025-04-15T21:07:15","modified_gmt":"2025-04-15T19:07:15","slug":"rochie-aliona","status":"publish","type":"product","link":"https:\/\/artisticexpressions.ro\/index.php\/produs\/rochie-aliona\/","title":{"rendered":"Rochie Aliona"},"content":{"rendered":"<p>\ud83d\udc8e Rochie Elegant\u0103 de Dam\u0103 \u2013 Albastru Ciel cu Detalii Str\u0103lucitoare \ud83d\udc8e<\/p>\n<p>Las\u0103-te cucerit\u0103 de rafinamentul unei rochii fine din stof\u0103 sub\u021bire, cu o croial\u0103 care \u00ee\u021bi urm\u0103re\u0219te linia corpului \u0219i un detaliu str\u0103lucitor la g\u00e2t ce adaug\u0103 o not\u0103 de lux discret.<\/p>\n<p>\ud83d\udc57 Detalii deosebite:<br \/>\n\u2714\ufe0f Material: stof\u0103 u\u0219oar\u0103, cu o c\u0103dere elegant\u0103 \u0219i confortabil\u0103<br \/>\n\u2714\ufe0f Guler accesorizat cu aplica\u021bii tip \u201ediamante\u201d \u2013 un accent subtil, dar sofisticat<br \/>\n\u2714\ufe0f Croial\u0103 lung\u0103, feminin\u0103, perfect\u0103 pentru siluete armonioase<br \/>\n\u2714\ufe0f M\u00e2neci scurte \u2013 ideal\u0103 pentru sezonul cald sau evenimente indoor<\/p>\n<p>\ud83d\udccf Disponibil\u0103 \u00een m\u0103rimi: S, M, L<br \/>\n\ud83d\udce6 Livrare rapid\u0103 \u00een toat\u0103 \u021bara<\/p>\n<p>Aceast\u0103 rochie este alegerea perfect\u0103 pentru cununii, botezuri, petreceri sau orice eveniment \u00een care vrei s\u0103 emani elegan\u021b\u0103 \u0219i naturale\u021be.<\/p>\n","protected":false},"excerpt":{"rendered":"<p>\ud83d\udc8e Rochie Elegant\u0103 de Dam\u0103 \u2013 Albastru Ciel cu Detalii Str\u0103lucitoare \ud83d\udc8e Las\u0103-te cucerit\u0103 de rafinamentul unei rochii fine din stof\u0103 sub\u021bire, cu o croial\u0103 care \u00ee\u021bi urm\u0103re\u0219te linia corpului \u0219i un detaliu str\u0103lucitor la g\u00e2t ce adaug\u0103 o not\u0103 de lux discret. \ud83d\udc57 Detalii deosebite: \u2714\ufe0f Material: stof\u0103 u\u0219oar\u0103, cu o c\u0103dere elegant\u0103 \u0219i [&hellip;]<\/p>\n","protected":false},"featured_media":3192,"comment_status":"open","ping_status":"closed","template":"","meta":{"_eb_attr":"","_monsterinsights_skip_tracking":false,"_monsterinsights_sitenote_active":false,"_monsterinsights_sitenote_note":"","_monsterinsights_sitenote_category":0,"site-sidebar-layout":"default","site-content-layout":"","ast-site-content-layout":"default","site-content-style":"default","site-sidebar-style":"default","ast-global-header-display":"","ast-banner-title-visibility":"","ast-main-header-display":"","ast-hfb-above-header-display":"","ast-hfb-below-header-display":"","ast-hfb-mobile-header-display":"","site-post-title":"","ast-breadcrumbs-content":"","ast-featured-img":"","footer-sml-layout":"","ast-disable-related-posts":"","theme-transparent-header-meta":"default","adv-header-id-meta":"","stick-header-meta":"","header-above-stick-meta":"","header-main-stick-meta":"","header-below-stick-meta":"","astra-migrate-meta-layouts":"set","ast-page-background-enabled":"default","ast-page-background-meta":{"desktop":{"background-color":"var(--ast-global-color-4)","background-image":"","background-repeat":"repeat","background-position":"center center","background-size":"auto","background-attachment":"scroll","background-type":"","background-media":"","overlay-type":"","overlay-color":"","overlay-opacity":"","overlay-gradient":""},"tablet":{"background-color":"","background-image":"","background-repeat":"repeat","background-position":"center center","background-size":"auto","background-attachment":"scroll","background-type":"","background-media":"","overlay-type":"","overlay-color":"","overlay-opacity":"","overlay-gradient":""},"mobile":{"background-color":"","background-image":"","background-repeat":"repeat","background-position":"center center","background-size":"auto","background-attachment":"scroll","background-type":"","background-media":"","overlay-type":"","overlay-color":"","overlay-opacity":"","overlay-gradient":""}},"ast-content-background-meta":{"desktop":{"background-color":"var(--ast-global-color-5)","background-image":"","background-repeat":"repeat","background-position":"center center","background-size":"auto","background-attachment":"scroll","background-type":"","background-media":"","overlay-type":"","overlay-color":"","overlay-opacity":"","overlay-gradient":""},"tablet":{"background-color":"var(--ast-global-color-5)","background-image":"","background-repeat":"repeat","background-position":"center center","background-size":"auto","background-attachment":"scroll","background-type":"","background-media":"","overlay-type":"","overlay-color":"","overlay-opacity":"","overlay-gradient":""},"mobile":{"background-color":"var(--ast-global-color-5)","background-image":"","background-repeat":"repeat","background-position":"center center","background-size":"auto","background-attachment":"scroll","background-type":"","background-media":"","overlay-type":"","overlay-color":"","overlay-opacity":"","overlay-gradient":""}}},"product_brand":[],"product_cat":[24,27],"product_tag":[303],"class_list":{"0":"post-3188","1":"product","2":"type-product","3":"status-publish","4":"has-post-thumbnail","6":"product_cat-rochii","7":"product_cat-rochii-elegante","8":"product_tag-aliona","9":"desktop-align-center","10":"tablet-align-left","11":"mobile-align-left","13":"first","14":"instock","15":"shipping-taxable","16":"purchasable","17":"product-type-variable"},"aioseo_notices":[],"jetpack_sharing_enabled":true,"_links":{"self":[{"href":"https:\/\/artisticexpressions.ro\/index.php\/wp-json\/wp\/v2\/product\/3188","targetHints":{"allow":["GET"]}}],"collection":[{"href":"https:\/\/artisticexpressions.ro\/index.php\/wp-json\/wp\/v2\/product"}],"about":[{"href":"https:\/\/artisticexpressions.ro\/index.php\/wp-json\/wp\/v2\/types\/product"}],"replies":[{"embeddable":true,"href":"https:\/\/artisticexpressions.ro\/index.php\/wp-json\/wp\/v2\/comments?post=3188"}],"wp:featuredmedia":[{"embeddable":true,"href":"https:\/\/artisticexpressions.ro\/index.php\/wp-json\/wp\/v2\/media\/3192"}],"wp:attachment":[{"href":"https:\/\/artisticexpressions.ro\/index.php\/wp-json\/wp\/v2\/media?parent=3188"}],"wp:term":[{"taxonomy":"product_brand","embeddable":true,"href":"https:\/\/artisticexpressions.ro\/index.php\/wp-json\/wp\/v2\/product_brand?post=3188"},{"taxonomy":"product_cat","embeddable":true,"href":"https:\/\/artisticexpressions.ro\/index.php\/wp-json\/wp\/v2\/product_cat?post=3188"},{"taxonomy":"product_tag","embeddable":true,"href":"https:\/\/artisticexpressions.ro\/index.php\/wp-json\/wp\/v2\/product_tag?post=3188"}],"curies":[{"name":"wp","href":"https:\/\/api.w.org\/{rel}","templated":true}]}}