{"id":3231,"date":"2025-04-12T00:34:40","date_gmt":"2025-04-11T22:34:40","guid":{"rendered":"https:\/\/artisticexpressions.ro\/?post_type=product&#038;p=3231"},"modified":"2025-04-12T00:34:40","modified_gmt":"2025-04-11T22:34:40","slug":"rochie-berda","status":"publish","type":"product","link":"https:\/\/artisticexpressions.ro\/index.php\/produs\/rochie-berda\/","title":{"rendered":"Rochie Berda"},"content":{"rendered":"<p>\ud83d\udd39 Detalii de design:<br \/>\n\u2705 Material din m\u0103tase premium \u2013 ofer\u0103 un aspect luxos \u0219i o senza\u021bie delicat\u0103 pe piele<br \/>\n\u2705 Guler \u00eenalt cu ornament delicat \u2013 adaug\u0103 o not\u0103 sofisticat\u0103 \u0219i regal\u0103<br \/>\n\u2705 M\u00e2neci lungi bufante cu funde elegante \u2013 pentru un aer romantic \u0219i feminin<br \/>\n\u2705 Talia marcat\u0103 \u2013 subliniaz\u0103 silueta \u00eentr-un mod armonios<br \/>\n\u2705 Lungime maxi \u2013 potrivit\u0103 pentru evenimente deosebite<\/p>\n<p>\ud83c\udf3f Material: 100% m\u0103tase \u2013 moale, fluid\u0103 \u0219i cu un luciu discret ce eman\u0103 rafinament.<\/p>\n<p>\ud83d\udccf Disponibil\u0103 \u00een m\u0103rimile S, M, L.<br \/>\n\u2728 Ideal\u0103 pentru nun\u021bi, cine romantice sau orice moment \u00een care vrei s\u0103 str\u0103luce\u0219ti.<\/p>\n<p>\ud83d\udce9 Stoc limitat! Comand\u0103 acum \u0219i bucur\u0103-te de un look de poveste! \u2728<\/p>\n","protected":false},"excerpt":{"rendered":"<p>\ud83d\udc96 Rochie de M\u0103tase &#8211; Elegan\u021b\u0103 \u0219i Gra\u021bie \ud83d\udc96<\/p>\n<p>Transform\u0103 orice ocazie \u00eentr-un moment special cu aceast\u0103 rochie de m\u0103tase fin\u0103, creat\u0103 pentru femeia care ador\u0103 rafinamentul \u0219i feminitatea. Cu o croial\u0103 lejer\u0103 \u0219i un aspect diafan, aceast\u0103 pies\u0103 este definit\u0103 de detaliile elegante care o fac unic\u0103.<\/p>\n","protected":false},"featured_media":3239,"comment_status":"open","ping_status":"closed","template":"","meta":{"_eb_attr":"","_monsterinsights_skip_tracking":false,"_monsterinsights_sitenote_active":false,"_monsterinsights_sitenote_note":"","_monsterinsights_sitenote_category":0,"site-sidebar-layout":"default","site-content-layout":"","ast-site-content-layout":"default","site-content-style":"default","site-sidebar-style":"default","ast-global-header-display":"","ast-banner-title-visibility":"","ast-main-header-display":"","ast-hfb-above-header-display":"","ast-hfb-below-header-display":"","ast-hfb-mobile-header-display":"","site-post-title":"","ast-breadcrumbs-content":"","ast-featured-img":"","footer-sml-layout":"","ast-disable-related-posts":"","theme-transparent-header-meta":"default","adv-header-id-meta":"","stick-header-meta":"","header-above-stick-meta":"","header-main-stick-meta":"","header-below-stick-meta":"","astra-migrate-meta-layouts":"set","ast-page-background-enabled":"default","ast-page-background-meta":{"desktop":{"background-color":"var(--ast-global-color-4)","background-image":"","background-repeat":"repeat","background-position":"center center","background-size":"auto","background-attachment":"scroll","background-type":"","background-media":"","overlay-type":"","overlay-color":"","overlay-opacity":"","overlay-gradient":""},"tablet":{"background-color":"","background-image":"","background-repeat":"repeat","background-position":"center center","background-size":"auto","background-attachment":"scroll","background-type":"","background-media":"","overlay-type":"","overlay-color":"","overlay-opacity":"","overlay-gradient":""},"mobile":{"background-color":"","background-image":"","background-repeat":"repeat","background-position":"center center","background-size":"auto","background-attachment":"scroll","background-type":"","background-media":"","overlay-type":"","overlay-color":"","overlay-opacity":"","overlay-gradient":""}},"ast-content-background-meta":{"desktop":{"background-color":"var(--ast-global-color-5)","background-image":"","background-repeat":"repeat","background-position":"center center","background-size":"auto","background-attachment":"scroll","background-type":"","background-media":"","overlay-type":"","overlay-color":"","overlay-opacity":"","overlay-gradient":""},"tablet":{"background-color":"var(--ast-global-color-5)","background-image":"","background-repeat":"repeat","background-position":"center center","background-size":"auto","background-attachment":"scroll","background-type":"","background-media":"","overlay-type":"","overlay-color":"","overlay-opacity":"","overlay-gradient":""},"mobile":{"background-color":"var(--ast-global-color-5)","background-image":"","background-repeat":"repeat","background-position":"center center","background-size":"auto","background-attachment":"scroll","background-type":"","background-media":"","overlay-type":"","overlay-color":"","overlay-opacity":"","overlay-gradient":""}}},"product_brand":[],"product_cat":[24,27],"product_tag":[307],"class_list":{"0":"post-3231","1":"product","2":"type-product","3":"status-publish","4":"has-post-thumbnail","6":"product_cat-rochii","7":"product_cat-rochii-elegante","8":"product_tag-berda","9":"desktop-align-center","10":"tablet-align-left","11":"mobile-align-left","13":"first","14":"instock","15":"shipping-taxable","16":"purchasable","17":"product-type-variable"},"aioseo_notices":[],"jetpack_sharing_enabled":true,"_links":{"self":[{"href":"https:\/\/artisticexpressions.ro\/index.php\/wp-json\/wp\/v2\/product\/3231","targetHints":{"allow":["GET"]}}],"collection":[{"href":"https:\/\/artisticexpressions.ro\/index.php\/wp-json\/wp\/v2\/product"}],"about":[{"href":"https:\/\/artisticexpressions.ro\/index.php\/wp-json\/wp\/v2\/types\/product"}],"replies":[{"embeddable":true,"href":"https:\/\/artisticexpressions.ro\/index.php\/wp-json\/wp\/v2\/comments?post=3231"}],"wp:featuredmedia":[{"embeddable":true,"href":"https:\/\/artisticexpressions.ro\/index.php\/wp-json\/wp\/v2\/media\/3239"}],"wp:attachment":[{"href":"https:\/\/artisticexpressions.ro\/index.php\/wp-json\/wp\/v2\/media?parent=3231"}],"wp:term":[{"taxonomy":"product_brand","embeddable":true,"href":"https:\/\/artisticexpressions.ro\/index.php\/wp-json\/wp\/v2\/product_brand?post=3231"},{"taxonomy":"product_cat","embeddable":true,"href":"https:\/\/artisticexpressions.ro\/index.php\/wp-json\/wp\/v2\/product_cat?post=3231"},{"taxonomy":"product_tag","embeddable":true,"href":"https:\/\/artisticexpressions.ro\/index.php\/wp-json\/wp\/v2\/product_tag?post=3231"}],"curies":[{"name":"wp","href":"https:\/\/api.w.org\/{rel}","templated":true}]}}