{"id":3322,"date":"2025-04-13T21:11:48","date_gmt":"2025-04-13T19:11:48","guid":{"rendered":"https:\/\/artisticexpressions.ro\/?post_type=product&#038;p=3322"},"modified":"2025-04-13T21:11:48","modified_gmt":"2025-04-13T19:11:48","slug":"rochie-deea","status":"publish","type":"product","link":"https:\/\/artisticexpressions.ro\/index.php\/produs\/rochie-deea\/","title":{"rendered":"Rochie Deea"},"content":{"rendered":"<p>\u2728 Caracteristici speciale:<br \/>\n\u2714 Material fin din m\u0103tase \u2013 ofer\u0103 un aspect luxos \u0219i o senza\u021bie pl\u0103cut\u0103 la purtare<br \/>\n\u2714 Talia accentuat\u0103 cu detalii fine \u2013 contureaz\u0103 o siluet\u0103 armonioas\u0103<br \/>\n\u2714 M\u00e2neci bufante delicate \u2013 adaug\u0103 un plus de rafinament<br \/>\n\u2714 Lungime maxi \u2013 ideal\u0103 pentru evenimente elegante \u0219i serate speciale<br \/>\n\u2714 Culoare diafan\u0103, pastelat\u0103 \u2013 potrivit\u0103 pentru orice tip de ten<\/p>\n<p>\ud83c\udf1f Material: M\u0103tase premium, u\u0219oar\u0103 \u0219i fluid\u0103.<\/p>\n<p>\ud83d\udccf Disponibil\u0103 \u00een m\u0103rimile S, M, L.<br \/>\n\ud83d\udc83 Perfect\u0103 pentru nun\u021bi, botezuri, evenimente de gal\u0103 sau cine romantice!<\/p>\n<p>\ud83d\udce9 Comand\u0103 acum \u0219i str\u0103luce\u0219te la orice eveniment! \u2728<\/p>\n","protected":false},"excerpt":{"rendered":"<p>\ud83d\udc99 Rochie Elegant\u0103 din M\u0103tase \u2013 Rafinat\u0103 \u0219i Delicat\u0103 \ud83d\udc99<\/p>\n<p>Fii elegan\u021ba \u00eentruchipat\u0103 cu aceast\u0103 rochie lung\u0103 din m\u0103tase, perfect\u0103 pentru ocazii speciale! Cu un design fluid \u0219i o croial\u0103 sofisticat\u0103, aceast\u0103 rochie \u00ee\u021bi pune \u00een valoare feminitatea \u0219i gra\u021bia.<\/p>\n","protected":false},"featured_media":3326,"comment_status":"open","ping_status":"closed","template":"","meta":{"_eb_attr":"","_monsterinsights_skip_tracking":false,"_monsterinsights_sitenote_active":false,"_monsterinsights_sitenote_note":"","_monsterinsights_sitenote_category":0,"site-sidebar-layout":"default","site-content-layout":"","ast-site-content-layout":"default","site-content-style":"default","site-sidebar-style":"default","ast-global-header-display":"","ast-banner-title-visibility":"","ast-main-header-display":"","ast-hfb-above-header-display":"","ast-hfb-below-header-display":"","ast-hfb-mobile-header-display":"","site-post-title":"","ast-breadcrumbs-content":"","ast-featured-img":"","footer-sml-layout":"","ast-disable-related-posts":"","theme-transparent-header-meta":"default","adv-header-id-meta":"","stick-header-meta":"","header-above-stick-meta":"","header-main-stick-meta":"","header-below-stick-meta":"","astra-migrate-meta-layouts":"set","ast-page-background-enabled":"default","ast-page-background-meta":{"desktop":{"background-color":"var(--ast-global-color-4)","background-image":"","background-repeat":"repeat","background-position":"center center","background-size":"auto","background-attachment":"scroll","background-type":"","background-media":"","overlay-type":"","overlay-color":"","overlay-opacity":"","overlay-gradient":""},"tablet":{"background-color":"","background-image":"","background-repeat":"repeat","background-position":"center center","background-size":"auto","background-attachment":"scroll","background-type":"","background-media":"","overlay-type":"","overlay-color":"","overlay-opacity":"","overlay-gradient":""},"mobile":{"background-color":"","background-image":"","background-repeat":"repeat","background-position":"center center","background-size":"auto","background-attachment":"scroll","background-type":"","background-media":"","overlay-type":"","overlay-color":"","overlay-opacity":"","overlay-gradient":""}},"ast-content-background-meta":{"desktop":{"background-color":"var(--ast-global-color-5)","background-image":"","background-repeat":"repeat","background-position":"center center","background-size":"auto","background-attachment":"scroll","background-type":"","background-media":"","overlay-type":"","overlay-color":"","overlay-opacity":"","overlay-gradient":""},"tablet":{"background-color":"var(--ast-global-color-5)","background-image":"","background-repeat":"repeat","background-position":"center center","background-size":"auto","background-attachment":"scroll","background-type":"","background-media":"","overlay-type":"","overlay-color":"","overlay-opacity":"","overlay-gradient":""},"mobile":{"background-color":"var(--ast-global-color-5)","background-image":"","background-repeat":"repeat","background-position":"center center","background-size":"auto","background-attachment":"scroll","background-type":"","background-media":"","overlay-type":"","overlay-color":"","overlay-opacity":"","overlay-gradient":""}}},"product_brand":[],"product_cat":[24,27],"product_tag":[314],"class_list":{"0":"post-3322","1":"product","2":"type-product","3":"status-publish","4":"has-post-thumbnail","6":"product_cat-rochii","7":"product_cat-rochii-elegante","8":"product_tag-deea","9":"desktop-align-center","10":"tablet-align-left","11":"mobile-align-left","13":"first","14":"instock","15":"shipping-taxable","16":"purchasable","17":"product-type-variable"},"aioseo_notices":[],"jetpack_sharing_enabled":true,"_links":{"self":[{"href":"https:\/\/artisticexpressions.ro\/index.php\/wp-json\/wp\/v2\/product\/3322","targetHints":{"allow":["GET"]}}],"collection":[{"href":"https:\/\/artisticexpressions.ro\/index.php\/wp-json\/wp\/v2\/product"}],"about":[{"href":"https:\/\/artisticexpressions.ro\/index.php\/wp-json\/wp\/v2\/types\/product"}],"replies":[{"embeddable":true,"href":"https:\/\/artisticexpressions.ro\/index.php\/wp-json\/wp\/v2\/comments?post=3322"}],"wp:featuredmedia":[{"embeddable":true,"href":"https:\/\/artisticexpressions.ro\/index.php\/wp-json\/wp\/v2\/media\/3326"}],"wp:attachment":[{"href":"https:\/\/artisticexpressions.ro\/index.php\/wp-json\/wp\/v2\/media?parent=3322"}],"wp:term":[{"taxonomy":"product_brand","embeddable":true,"href":"https:\/\/artisticexpressions.ro\/index.php\/wp-json\/wp\/v2\/product_brand?post=3322"},{"taxonomy":"product_cat","embeddable":true,"href":"https:\/\/artisticexpressions.ro\/index.php\/wp-json\/wp\/v2\/product_cat?post=3322"},{"taxonomy":"product_tag","embeddable":true,"href":"https:\/\/artisticexpressions.ro\/index.php\/wp-json\/wp\/v2\/product_tag?post=3322"}],"curies":[{"name":"wp","href":"https:\/\/api.w.org\/{rel}","templated":true}]}}