{"id":3332,"date":"2025-04-13T21:18:47","date_gmt":"2025-04-13T19:18:47","guid":{"rendered":"https:\/\/artisticexpressions.ro\/?post_type=product&#038;p=3332"},"modified":"2025-04-15T20:55:32","modified_gmt":"2025-04-15T18:55:32","slug":"rochie-galyia","status":"publish","type":"product","link":"https:\/\/artisticexpressions.ro\/index.php\/produs\/rochie-galyia\/","title":{"rendered":"Rochie Galyia"},"content":{"rendered":"<p>\u2728 Caracteristici speciale:<br \/>\n\u2714 Material premium \u2013 triplu voal \u2013 ofer\u0103 fluiditate, fine\u021be \u0219i confort absolut<br \/>\n\u2714 Croial\u0103 mulat\u0103 pe corp \u2013 eviden\u021biaz\u0103 perfect silueta<br \/>\n\u2714 M\u00e2neci lungi evazate \u2013 pentru un plus de rafinament \u0219i elegan\u021b\u0103<br \/>\n\u2714 Decolteu \u00eenalt \u2013 adaug\u0103 o not\u0103 de mister \u0219i stil clasic<br \/>\n\u2714 Lungime maxi \u2013 ideal\u0103 pentru evenimente de gal\u0103 \u0219i ocazii speciale<\/p>\n<p>\u2764\ufe0f Material: Triplu voal \u2013 fin, u\u0219or \u0219i elegant<br \/>\n\ud83d\udccf Disponibil\u0103 \u00een m\u0103rimile S, M, L<br \/>\n\ud83d\udc83 Perfect\u0103 pentru nun\u021bi, evenimente de gal\u0103, cine elegante \u0219i momente speciale!<\/p>\n<p>\ud83d\udce9 Comand\u0103 acum \u0219i atrage toate privirile! \u2728<\/p>\n","protected":false},"excerpt":{"rendered":"<p>\ud83d\udd25 Rochie Elegant\u0103 din Triplu Voal \u2013 Elegan\u021b\u0103 \u0219i Putere \u00eentr-o \u021ainut\u0103 \ud83d\udd25<\/p>\n<p>Impresioneaz\u0103 printr-un look sofisticat \u0219i impun\u0103tor cu aceast\u0103 rochie ro\u0219ie din triplu voal, perfect\u0103 pentru evenimente speciale \u0219i momente de neuitat.<\/p>\n","protected":false},"featured_media":3341,"comment_status":"open","ping_status":"closed","template":"","meta":{"_eb_attr":"","_monsterinsights_skip_tracking":false,"_monsterinsights_sitenote_active":false,"_monsterinsights_sitenote_note":"","_monsterinsights_sitenote_category":0,"site-sidebar-layout":"default","site-content-layout":"","ast-site-content-layout":"default","site-content-style":"default","site-sidebar-style":"default","ast-global-header-display":"","ast-banner-title-visibility":"","ast-main-header-display":"","ast-hfb-above-header-display":"","ast-hfb-below-header-display":"","ast-hfb-mobile-header-display":"","site-post-title":"","ast-breadcrumbs-content":"","ast-featured-img":"","footer-sml-layout":"","ast-disable-related-posts":"","theme-transparent-header-meta":"default","adv-header-id-meta":"","stick-header-meta":"","header-above-stick-meta":"","header-main-stick-meta":"","header-below-stick-meta":"","astra-migrate-meta-layouts":"set","ast-page-background-enabled":"default","ast-page-background-meta":{"desktop":{"background-color":"var(--ast-global-color-4)","background-image":"","background-repeat":"repeat","background-position":"center center","background-size":"auto","background-attachment":"scroll","background-type":"","background-media":"","overlay-type":"","overlay-color":"","overlay-opacity":"","overlay-gradient":""},"tablet":{"background-color":"","background-image":"","background-repeat":"repeat","background-position":"center center","background-size":"auto","background-attachment":"scroll","background-type":"","background-media":"","overlay-type":"","overlay-color":"","overlay-opacity":"","overlay-gradient":""},"mobile":{"background-color":"","background-image":"","background-repeat":"repeat","background-position":"center center","background-size":"auto","background-attachment":"scroll","background-type":"","background-media":"","overlay-type":"","overlay-color":"","overlay-opacity":"","overlay-gradient":""}},"ast-content-background-meta":{"desktop":{"background-color":"var(--ast-global-color-5)","background-image":"","background-repeat":"repeat","background-position":"center center","background-size":"auto","background-attachment":"scroll","background-type":"","background-media":"","overlay-type":"","overlay-color":"","overlay-opacity":"","overlay-gradient":""},"tablet":{"background-color":"var(--ast-global-color-5)","background-image":"","background-repeat":"repeat","background-position":"center center","background-size":"auto","background-attachment":"scroll","background-type":"","background-media":"","overlay-type":"","overlay-color":"","overlay-opacity":"","overlay-gradient":""},"mobile":{"background-color":"var(--ast-global-color-5)","background-image":"","background-repeat":"repeat","background-position":"center center","background-size":"auto","background-attachment":"scroll","background-type":"","background-media":"","overlay-type":"","overlay-color":"","overlay-opacity":"","overlay-gradient":""}}},"product_brand":[],"product_cat":[24,27],"product_tag":[315],"class_list":{"0":"post-3332","1":"product","2":"type-product","3":"status-publish","4":"has-post-thumbnail","6":"product_cat-rochii","7":"product_cat-rochii-elegante","8":"product_tag-galyia","9":"desktop-align-center","10":"tablet-align-left","11":"mobile-align-left","13":"first","14":"instock","15":"shipping-taxable","16":"purchasable","17":"product-type-variable"},"aioseo_notices":[],"jetpack_sharing_enabled":true,"_links":{"self":[{"href":"https:\/\/artisticexpressions.ro\/index.php\/wp-json\/wp\/v2\/product\/3332","targetHints":{"allow":["GET"]}}],"collection":[{"href":"https:\/\/artisticexpressions.ro\/index.php\/wp-json\/wp\/v2\/product"}],"about":[{"href":"https:\/\/artisticexpressions.ro\/index.php\/wp-json\/wp\/v2\/types\/product"}],"replies":[{"embeddable":true,"href":"https:\/\/artisticexpressions.ro\/index.php\/wp-json\/wp\/v2\/comments?post=3332"}],"wp:featuredmedia":[{"embeddable":true,"href":"https:\/\/artisticexpressions.ro\/index.php\/wp-json\/wp\/v2\/media\/3341"}],"wp:attachment":[{"href":"https:\/\/artisticexpressions.ro\/index.php\/wp-json\/wp\/v2\/media?parent=3332"}],"wp:term":[{"taxonomy":"product_brand","embeddable":true,"href":"https:\/\/artisticexpressions.ro\/index.php\/wp-json\/wp\/v2\/product_brand?post=3332"},{"taxonomy":"product_cat","embeddable":true,"href":"https:\/\/artisticexpressions.ro\/index.php\/wp-json\/wp\/v2\/product_cat?post=3332"},{"taxonomy":"product_tag","embeddable":true,"href":"https:\/\/artisticexpressions.ro\/index.php\/wp-json\/wp\/v2\/product_tag?post=3332"}],"curies":[{"name":"wp","href":"https:\/\/api.w.org\/{rel}","templated":true}]}}