{"id":3342,"date":"2025-04-13T21:26:06","date_gmt":"2025-04-13T19:26:06","guid":{"rendered":"https:\/\/artisticexpressions.ro\/?post_type=product&#038;p=3342"},"modified":"2025-04-13T21:26:06","modified_gmt":"2025-04-13T19:26:06","slug":"rochie-green","status":"publish","type":"product","link":"https:\/\/artisticexpressions.ro\/index.php\/produs\/rochie-green\/","title":{"rendered":"Rochie Green"},"content":{"rendered":"<p>\u2728 Detalii care te vor cuceri:<br \/>\n\u2714 Material elastic \u0219i confortabil \u2013 se muleaz\u0103 perfect pe corp \u0219i ofer\u0103 libertate de mi\u0219care<br \/>\n\u2714 Design elegant, cu guler \u00eenalt \u2013 pentru un aer sofisticat \u0219i modern<br \/>\n\u2714 M\u00e2neci lungi cu detalii fine la \u00eencheieturi \u2013 un plus de stil \u0219i delicate\u021be<br \/>\n\u2714 Croial\u0103 fluid\u0103, lungime maxi \u2013 perfect\u0103 pentru evenimente de zi sau sear\u0103<br \/>\n\u2714 Culoare vibrant\u0103 \u2013 verde smarald \u2013 pentru un look fermec\u0103tor \u0219i unic<\/p>\n<p>\u2764\ufe0f Material: Tricot elastic \u2013 moale, pl\u0103cut la atingere \u0219i extrem de confortabil<br \/>\n\ud83d\udccf Disponibil\u0103 \u00een m\u0103rimile S, M, L<br \/>\n\ud83d\udc57 Ideal\u0103 pentru petreceri, cine romantice, evenimente speciale sau chiar o apari\u021bie elegant\u0103 de zi!<\/p>\n<p>\ud83d\udce9 Comand\u0103 acum \u0219i bucur\u0103-te de elegan\u021b\u0103 f\u0103r\u0103 compromisuri! \u2728<\/p>\n","protected":false},"excerpt":{"rendered":"<p>\ud83d\udc9a Rochie Elegant\u0103 din Tricot Elastic \u2013 Confort \u0219i Elegan\u021b\u0103 \u00eentr-un Design Modern \ud83d\udc9a<\/p>\n<p>Simte-te rafinat\u0103 \u0219i \u00eencrez\u0103toare \u00een aceast\u0103 rochie verde din tricot elastic, care \u00eembin\u0103 perfect stilul sofisticat cu lejeritatea materialului.<\/p>\n","protected":false},"featured_media":3347,"comment_status":"open","ping_status":"closed","template":"","meta":{"_eb_attr":"","_monsterinsights_skip_tracking":false,"_monsterinsights_sitenote_active":false,"_monsterinsights_sitenote_note":"","_monsterinsights_sitenote_category":0,"site-sidebar-layout":"default","site-content-layout":"","ast-site-content-layout":"default","site-content-style":"default","site-sidebar-style":"default","ast-global-header-display":"","ast-banner-title-visibility":"","ast-main-header-display":"","ast-hfb-above-header-display":"","ast-hfb-below-header-display":"","ast-hfb-mobile-header-display":"","site-post-title":"","ast-breadcrumbs-content":"","ast-featured-img":"","footer-sml-layout":"","ast-disable-related-posts":"","theme-transparent-header-meta":"default","adv-header-id-meta":"","stick-header-meta":"","header-above-stick-meta":"","header-main-stick-meta":"","header-below-stick-meta":"","astra-migrate-meta-layouts":"set","ast-page-background-enabled":"default","ast-page-background-meta":{"desktop":{"background-color":"var(--ast-global-color-4)","background-image":"","background-repeat":"repeat","background-position":"center center","background-size":"auto","background-attachment":"scroll","background-type":"","background-media":"","overlay-type":"","overlay-color":"","overlay-opacity":"","overlay-gradient":""},"tablet":{"background-color":"","background-image":"","background-repeat":"repeat","background-position":"center center","background-size":"auto","background-attachment":"scroll","background-type":"","background-media":"","overlay-type":"","overlay-color":"","overlay-opacity":"","overlay-gradient":""},"mobile":{"background-color":"","background-image":"","background-repeat":"repeat","background-position":"center center","background-size":"auto","background-attachment":"scroll","background-type":"","background-media":"","overlay-type":"","overlay-color":"","overlay-opacity":"","overlay-gradient":""}},"ast-content-background-meta":{"desktop":{"background-color":"var(--ast-global-color-5)","background-image":"","background-repeat":"repeat","background-position":"center center","background-size":"auto","background-attachment":"scroll","background-type":"","background-media":"","overlay-type":"","overlay-color":"","overlay-opacity":"","overlay-gradient":""},"tablet":{"background-color":"var(--ast-global-color-5)","background-image":"","background-repeat":"repeat","background-position":"center center","background-size":"auto","background-attachment":"scroll","background-type":"","background-media":"","overlay-type":"","overlay-color":"","overlay-opacity":"","overlay-gradient":""},"mobile":{"background-color":"var(--ast-global-color-5)","background-image":"","background-repeat":"repeat","background-position":"center center","background-size":"auto","background-attachment":"scroll","background-type":"","background-media":"","overlay-type":"","overlay-color":"","overlay-opacity":"","overlay-gradient":""}}},"product_brand":[],"product_cat":[24,27],"product_tag":[316],"class_list":{"0":"post-3342","1":"product","2":"type-product","3":"status-publish","4":"has-post-thumbnail","6":"product_cat-rochii","7":"product_cat-rochii-elegante","8":"product_tag-green","9":"desktop-align-center","10":"tablet-align-left","11":"mobile-align-left","13":"first","14":"instock","15":"shipping-taxable","16":"purchasable","17":"product-type-variable"},"aioseo_notices":[],"jetpack_sharing_enabled":true,"_links":{"self":[{"href":"https:\/\/artisticexpressions.ro\/index.php\/wp-json\/wp\/v2\/product\/3342","targetHints":{"allow":["GET"]}}],"collection":[{"href":"https:\/\/artisticexpressions.ro\/index.php\/wp-json\/wp\/v2\/product"}],"about":[{"href":"https:\/\/artisticexpressions.ro\/index.php\/wp-json\/wp\/v2\/types\/product"}],"replies":[{"embeddable":true,"href":"https:\/\/artisticexpressions.ro\/index.php\/wp-json\/wp\/v2\/comments?post=3342"}],"wp:featuredmedia":[{"embeddable":true,"href":"https:\/\/artisticexpressions.ro\/index.php\/wp-json\/wp\/v2\/media\/3347"}],"wp:attachment":[{"href":"https:\/\/artisticexpressions.ro\/index.php\/wp-json\/wp\/v2\/media?parent=3342"}],"wp:term":[{"taxonomy":"product_brand","embeddable":true,"href":"https:\/\/artisticexpressions.ro\/index.php\/wp-json\/wp\/v2\/product_brand?post=3342"},{"taxonomy":"product_cat","embeddable":true,"href":"https:\/\/artisticexpressions.ro\/index.php\/wp-json\/wp\/v2\/product_cat?post=3342"},{"taxonomy":"product_tag","embeddable":true,"href":"https:\/\/artisticexpressions.ro\/index.php\/wp-json\/wp\/v2\/product_tag?post=3342"}],"curies":[{"name":"wp","href":"https:\/\/api.w.org\/{rel}","templated":true}]}}