{"id":3422,"date":"2025-04-13T23:06:19","date_gmt":"2025-04-13T21:06:19","guid":{"rendered":"https:\/\/artisticexpressions.ro\/?post_type=product&#038;p=3422"},"modified":"2025-04-25T11:32:25","modified_gmt":"2025-04-25T09:32:25","slug":"rochie-agota","status":"publish","type":"product","link":"https:\/\/artisticexpressions.ro\/index.php\/produs\/rochie-agota\/","title":{"rendered":"Rochie Agota"},"content":{"rendered":"<p>\ud83d\udd39 Material &amp; Design:<br \/>\n\u2714 Fust\u0103 ampl\u0103 din tafta, cu o c\u0103dere elegant\u0103 \u0219i un efect spectaculos la fiecare pas.<br \/>\n\u2714 Corset din dantel\u0103 fin\u0103, cu detalii delicate care ofer\u0103 un plus de rafinament.<br \/>\n\u2714 M\u00e2neci trei sferturi din dantel\u0103, pentru un look sofisticat \u0219i diafan.<br \/>\n\u2714 Culoare alb\u0103 imaculat\u0103, ideal\u0103 pentru evenimente speciale.<br \/>\n\u2714 Croial\u0103 confortabil\u0103 \u0219i lejer\u0103, ce permite mi\u0219care liber\u0103 \u0219i o purtare pl\u0103cut\u0103.<\/p>\n<p>\ud83d\udccd Perfect\u0103 pentru:<br \/>\n\u2705 Nun\u021bi, botezuri, anivers\u0103ri, serb\u0103ri sau alte evenimente elegante.<br \/>\n\u2705 Feti\u021be cu v\u00e2rste \u00eentre 9 \u0219i 12 ani (disponibil\u0103 \u00een mai multe m\u0103rimi).<\/p>\n<p>\u2728 O alegere rafinat\u0103 pentru un moment de neuitat! Comand\u0103 acum! \u2728<\/p>\n","protected":false},"excerpt":{"rendered":"<p>Rochie alb\u0103 din tafta \u0219i dantel\u0103 pentru feti\u021be \u2013 Elegan\u021b\u0103 \u0219i rafinament atemporal<br \/>\nAceast\u0103 rochie superb\u0103 din tafta premium combin\u0103 fine\u021bea materialului cu un design elegant, perfect pentru ocazii speciale.<\/p>\n","protected":false},"featured_media":3424,"comment_status":"open","ping_status":"closed","template":"","meta":{"_eb_attr":"","_monsterinsights_skip_tracking":false,"_monsterinsights_sitenote_active":false,"_monsterinsights_sitenote_note":"","_monsterinsights_sitenote_category":0,"site-sidebar-layout":"default","site-content-layout":"","ast-site-content-layout":"default","site-content-style":"default","site-sidebar-style":"default","ast-global-header-display":"","ast-banner-title-visibility":"","ast-main-header-display":"","ast-hfb-above-header-display":"","ast-hfb-below-header-display":"","ast-hfb-mobile-header-display":"","site-post-title":"","ast-breadcrumbs-content":"","ast-featured-img":"","footer-sml-layout":"","ast-disable-related-posts":"","theme-transparent-header-meta":"default","adv-header-id-meta":"","stick-header-meta":"","header-above-stick-meta":"","header-main-stick-meta":"","header-below-stick-meta":"","astra-migrate-meta-layouts":"set","ast-page-background-enabled":"default","ast-page-background-meta":{"desktop":{"background-color":"var(--ast-global-color-4)","background-image":"","background-repeat":"repeat","background-position":"center center","background-size":"auto","background-attachment":"scroll","background-type":"","background-media":"","overlay-type":"","overlay-color":"","overlay-opacity":"","overlay-gradient":""},"tablet":{"background-color":"","background-image":"","background-repeat":"repeat","background-position":"center center","background-size":"auto","background-attachment":"scroll","background-type":"","background-media":"","overlay-type":"","overlay-color":"","overlay-opacity":"","overlay-gradient":""},"mobile":{"background-color":"","background-image":"","background-repeat":"repeat","background-position":"center center","background-size":"auto","background-attachment":"scroll","background-type":"","background-media":"","overlay-type":"","overlay-color":"","overlay-opacity":"","overlay-gradient":""}},"ast-content-background-meta":{"desktop":{"background-color":"var(--ast-global-color-5)","background-image":"","background-repeat":"repeat","background-position":"center center","background-size":"auto","background-attachment":"scroll","background-type":"","background-media":"","overlay-type":"","overlay-color":"","overlay-opacity":"","overlay-gradient":""},"tablet":{"background-color":"var(--ast-global-color-5)","background-image":"","background-repeat":"repeat","background-position":"center center","background-size":"auto","background-attachment":"scroll","background-type":"","background-media":"","overlay-type":"","overlay-color":"","overlay-opacity":"","overlay-gradient":""},"mobile":{"background-color":"var(--ast-global-color-5)","background-image":"","background-repeat":"repeat","background-position":"center center","background-size":"auto","background-attachment":"scroll","background-type":"","background-media":"","overlay-type":"","overlay-color":"","overlay-opacity":"","overlay-gradient":""}}},"product_brand":[],"product_cat":[24,28],"product_tag":[321],"class_list":{"0":"post-3422","1":"product","2":"type-product","3":"status-publish","4":"has-post-thumbnail","6":"product_cat-rochii","7":"product_cat-rochii-fetite","8":"product_tag-agota","9":"desktop-align-center","10":"tablet-align-left","11":"mobile-align-left","13":"first","14":"instock","15":"shipping-taxable","16":"purchasable","17":"product-type-simple"},"aioseo_notices":[],"jetpack_sharing_enabled":true,"_links":{"self":[{"href":"https:\/\/artisticexpressions.ro\/index.php\/wp-json\/wp\/v2\/product\/3422","targetHints":{"allow":["GET"]}}],"collection":[{"href":"https:\/\/artisticexpressions.ro\/index.php\/wp-json\/wp\/v2\/product"}],"about":[{"href":"https:\/\/artisticexpressions.ro\/index.php\/wp-json\/wp\/v2\/types\/product"}],"replies":[{"embeddable":true,"href":"https:\/\/artisticexpressions.ro\/index.php\/wp-json\/wp\/v2\/comments?post=3422"}],"wp:featuredmedia":[{"embeddable":true,"href":"https:\/\/artisticexpressions.ro\/index.php\/wp-json\/wp\/v2\/media\/3424"}],"wp:attachment":[{"href":"https:\/\/artisticexpressions.ro\/index.php\/wp-json\/wp\/v2\/media?parent=3422"}],"wp:term":[{"taxonomy":"product_brand","embeddable":true,"href":"https:\/\/artisticexpressions.ro\/index.php\/wp-json\/wp\/v2\/product_brand?post=3422"},{"taxonomy":"product_cat","embeddable":true,"href":"https:\/\/artisticexpressions.ro\/index.php\/wp-json\/wp\/v2\/product_cat?post=3422"},{"taxonomy":"product_tag","embeddable":true,"href":"https:\/\/artisticexpressions.ro\/index.php\/wp-json\/wp\/v2\/product_tag?post=3422"}],"curies":[{"name":"wp","href":"https:\/\/api.w.org\/{rel}","templated":true}]}}