{"id":3449,"date":"2025-04-13T23:16:29","date_gmt":"2025-04-13T21:16:29","guid":{"rendered":"https:\/\/artisticexpressions.ro\/?post_type=product&#038;p=3449"},"modified":"2025-04-25T11:31:19","modified_gmt":"2025-04-25T09:31:19","slug":"rochie-arina","status":"publish","type":"product","link":"https:\/\/artisticexpressions.ro\/index.php\/produs\/rochie-arina\/","title":{"rendered":"Rochie Arina"},"content":{"rendered":"<p>\ud83d\udd39 Material &amp; Design:<br \/>\n\u2714 Voal imprimat premium, u\u0219or \u0219i delicat, ce confer\u0103 lejeritate \u0219i confort.<br \/>\n\u2714 Imprimeu floral \u00een nuan\u021be vibrante de ro\u0219u \u0219i negru, pentru un look sofisticat \u0219i fermec\u0103tor.<br \/>\n\u2714 Croial\u0103 ampl\u0103 \u0219i fluid\u0103, care creeaz\u0103 un efect elegant la fiecare mi\u0219care.<br \/>\n\u2714 M\u00e2neci scurte, perfecte pentru un plus de confort \u0219i versatilitate.<br \/>\n\u2714 Talie accentuat\u0103, pentru o potrivire armonioas\u0103 \u0219i feminin\u0103.<\/p>\n<p>\ud83d\udccd Ideal\u0103 pentru: Evenimente festive, anivers\u0103ri, petreceri elegante sau chiar o apari\u021bie deosebit\u0103 la o plimbare special\u0103.<br \/>\n\ud83d\udccd Disponibil\u0103 \u00een mai multe m\u0103rimi, pentru a se potrivi perfect oric\u0103rei feti\u021be.<\/p>\n<p>\u2728 Comand\u0103 acum \u0219i ofer\u0103-i micu\u021bei tale o rochie de poveste, care \u00eembin\u0103 elegan\u021ba cu confortul! \u2728<\/p>\n","protected":false},"excerpt":{"rendered":"<p>Rochie din voal imprimat pentru feti\u021be (9-12 ani) \u2013 Elegan\u021b\u0103 \u0219i rafinament \u00een fiecare detaliu<br \/>\nAceast\u0103 rochie spectaculoas\u0103 este alegerea perfect\u0103 pentru feti\u021bele care iubesc elegan\u021ba \u0219i stilul rafinat. Fabricat\u0103 din voal imprimat de calitate superioar\u0103, ofer\u0103 un aspect diafan \u0219i fluid, ideal pentru ocazii speciale.<\/p>\n","protected":false},"featured_media":3450,"comment_status":"open","ping_status":"closed","template":"","meta":{"_eb_attr":"","_monsterinsights_skip_tracking":false,"_monsterinsights_sitenote_active":false,"_monsterinsights_sitenote_note":"","_monsterinsights_sitenote_category":0,"site-sidebar-layout":"default","site-content-layout":"","ast-site-content-layout":"default","site-content-style":"default","site-sidebar-style":"default","ast-global-header-display":"","ast-banner-title-visibility":"","ast-main-header-display":"","ast-hfb-above-header-display":"","ast-hfb-below-header-display":"","ast-hfb-mobile-header-display":"","site-post-title":"","ast-breadcrumbs-content":"","ast-featured-img":"","footer-sml-layout":"","ast-disable-related-posts":"","theme-transparent-header-meta":"default","adv-header-id-meta":"","stick-header-meta":"","header-above-stick-meta":"","header-main-stick-meta":"","header-below-stick-meta":"","astra-migrate-meta-layouts":"set","ast-page-background-enabled":"default","ast-page-background-meta":{"desktop":{"background-color":"var(--ast-global-color-4)","background-image":"","background-repeat":"repeat","background-position":"center center","background-size":"auto","background-attachment":"scroll","background-type":"","background-media":"","overlay-type":"","overlay-color":"","overlay-opacity":"","overlay-gradient":""},"tablet":{"background-color":"","background-image":"","background-repeat":"repeat","background-position":"center center","background-size":"auto","background-attachment":"scroll","background-type":"","background-media":"","overlay-type":"","overlay-color":"","overlay-opacity":"","overlay-gradient":""},"mobile":{"background-color":"","background-image":"","background-repeat":"repeat","background-position":"center center","background-size":"auto","background-attachment":"scroll","background-type":"","background-media":"","overlay-type":"","overlay-color":"","overlay-opacity":"","overlay-gradient":""}},"ast-content-background-meta":{"desktop":{"background-color":"var(--ast-global-color-5)","background-image":"","background-repeat":"repeat","background-position":"center center","background-size":"auto","background-attachment":"scroll","background-type":"","background-media":"","overlay-type":"","overlay-color":"","overlay-opacity":"","overlay-gradient":""},"tablet":{"background-color":"var(--ast-global-color-5)","background-image":"","background-repeat":"repeat","background-position":"center center","background-size":"auto","background-attachment":"scroll","background-type":"","background-media":"","overlay-type":"","overlay-color":"","overlay-opacity":"","overlay-gradient":""},"mobile":{"background-color":"var(--ast-global-color-5)","background-image":"","background-repeat":"repeat","background-position":"center center","background-size":"auto","background-attachment":"scroll","background-type":"","background-media":"","overlay-type":"","overlay-color":"","overlay-opacity":"","overlay-gradient":""}}},"product_brand":[],"product_cat":[24,28],"product_tag":[323],"class_list":{"0":"post-3449","1":"product","2":"type-product","3":"status-publish","4":"has-post-thumbnail","6":"product_cat-rochii","7":"product_cat-rochii-fetite","8":"product_tag-arina","9":"desktop-align-center","10":"tablet-align-left","11":"mobile-align-left","13":"first","14":"instock","15":"shipping-taxable","16":"purchasable","17":"product-type-simple"},"aioseo_notices":[],"jetpack_sharing_enabled":true,"_links":{"self":[{"href":"https:\/\/artisticexpressions.ro\/index.php\/wp-json\/wp\/v2\/product\/3449","targetHints":{"allow":["GET"]}}],"collection":[{"href":"https:\/\/artisticexpressions.ro\/index.php\/wp-json\/wp\/v2\/product"}],"about":[{"href":"https:\/\/artisticexpressions.ro\/index.php\/wp-json\/wp\/v2\/types\/product"}],"replies":[{"embeddable":true,"href":"https:\/\/artisticexpressions.ro\/index.php\/wp-json\/wp\/v2\/comments?post=3449"}],"wp:featuredmedia":[{"embeddable":true,"href":"https:\/\/artisticexpressions.ro\/index.php\/wp-json\/wp\/v2\/media\/3450"}],"wp:attachment":[{"href":"https:\/\/artisticexpressions.ro\/index.php\/wp-json\/wp\/v2\/media?parent=3449"}],"wp:term":[{"taxonomy":"product_brand","embeddable":true,"href":"https:\/\/artisticexpressions.ro\/index.php\/wp-json\/wp\/v2\/product_brand?post=3449"},{"taxonomy":"product_cat","embeddable":true,"href":"https:\/\/artisticexpressions.ro\/index.php\/wp-json\/wp\/v2\/product_cat?post=3449"},{"taxonomy":"product_tag","embeddable":true,"href":"https:\/\/artisticexpressions.ro\/index.php\/wp-json\/wp\/v2\/product_tag?post=3449"}],"curies":[{"name":"wp","href":"https:\/\/api.w.org\/{rel}","templated":true}]}}