{"id":3475,"date":"2025-04-13T23:22:18","date_gmt":"2025-04-13T21:22:18","guid":{"rendered":"https:\/\/artisticexpressions.ro\/?post_type=product&#038;p=3475"},"modified":"2025-04-25T11:29:43","modified_gmt":"2025-04-25T09:29:43","slug":"rochie-danota","status":"publish","type":"product","link":"https:\/\/artisticexpressions.ro\/index.php\/produs\/rochie-danota\/","title":{"rendered":"Rochie Danota"},"content":{"rendered":"<p>\ud83d\udd39 Material &amp; Design:<br \/>\n\u2714 Confec\u021bionat\u0103 din catifea fin\u0103, moale \u0219i pl\u0103cut\u0103 la atingere, perfect\u0103 pentru un look elegant.<br \/>\n\u2714 Guler amplu decorat cu volane din material contrastant, oferind un aer nobil \u0219i distins.<br \/>\n\u2714 Nasturi decorativi \u00een partea din fa\u021b\u0103, accentu\u00e2nd stilul vintage al rochiei.<br \/>\n\u2714 M\u00e2neci lungi cu volane delicate la termina\u021bii, ad\u0103ug\u00e2nd un plus de rafinament \u0219i feminitate.<\/p>\n<p>\ud83d\udccd Ideal\u0103 pentru: Evenimente festive, petreceri tematice, anivers\u0103ri sau orice ocazie special\u0103 unde stilul \u0219i elegan\u021ba sunt esen\u021biale.<br \/>\n\ud83d\udccd Disponibil\u0103 \u00een: Culori clasice \u0219i sofisticate, perfecte pentru sezonul rece.<\/p>\n<p>O rochie deosebit\u0103 pentru micu\u021bele domni\u0219oare care \u00ee\u0219i doresc un look fermec\u0103tor \u0219i elegant! \u2728<\/p>\n","protected":false},"excerpt":{"rendered":"<p>Rochie din catifea pentru feti\u021be (9-12 ani) \u2013 Elegan\u021b\u0103 \u0219i rafinament<br \/>\nAceast\u0103 rochie din catifea premium este alegerea perfect\u0103 pentru feti\u021bele care iubesc elegan\u021ba clasic\u0103 \u0219i detaliile sofisticate. Cu un design rafinat \u0219i accente delicate, aceast\u0103 pies\u0103 vestimentar\u0103 este ideal\u0103 pentru ocazii speciale.<\/p>\n","protected":false},"featured_media":3479,"comment_status":"open","ping_status":"closed","template":"","meta":{"_eb_attr":"","_monsterinsights_skip_tracking":false,"_monsterinsights_sitenote_active":false,"_monsterinsights_sitenote_note":"","_monsterinsights_sitenote_category":0,"site-sidebar-layout":"default","site-content-layout":"","ast-site-content-layout":"default","site-content-style":"default","site-sidebar-style":"default","ast-global-header-display":"","ast-banner-title-visibility":"","ast-main-header-display":"","ast-hfb-above-header-display":"","ast-hfb-below-header-display":"","ast-hfb-mobile-header-display":"","site-post-title":"","ast-breadcrumbs-content":"","ast-featured-img":"","footer-sml-layout":"","ast-disable-related-posts":"","theme-transparent-header-meta":"default","adv-header-id-meta":"","stick-header-meta":"","header-above-stick-meta":"","header-main-stick-meta":"","header-below-stick-meta":"","astra-migrate-meta-layouts":"set","ast-page-background-enabled":"default","ast-page-background-meta":{"desktop":{"background-color":"var(--ast-global-color-4)","background-image":"","background-repeat":"repeat","background-position":"center center","background-size":"auto","background-attachment":"scroll","background-type":"","background-media":"","overlay-type":"","overlay-color":"","overlay-opacity":"","overlay-gradient":""},"tablet":{"background-color":"","background-image":"","background-repeat":"repeat","background-position":"center center","background-size":"auto","background-attachment":"scroll","background-type":"","background-media":"","overlay-type":"","overlay-color":"","overlay-opacity":"","overlay-gradient":""},"mobile":{"background-color":"","background-image":"","background-repeat":"repeat","background-position":"center center","background-size":"auto","background-attachment":"scroll","background-type":"","background-media":"","overlay-type":"","overlay-color":"","overlay-opacity":"","overlay-gradient":""}},"ast-content-background-meta":{"desktop":{"background-color":"var(--ast-global-color-5)","background-image":"","background-repeat":"repeat","background-position":"center center","background-size":"auto","background-attachment":"scroll","background-type":"","background-media":"","overlay-type":"","overlay-color":"","overlay-opacity":"","overlay-gradient":""},"tablet":{"background-color":"var(--ast-global-color-5)","background-image":"","background-repeat":"repeat","background-position":"center center","background-size":"auto","background-attachment":"scroll","background-type":"","background-media":"","overlay-type":"","overlay-color":"","overlay-opacity":"","overlay-gradient":""},"mobile":{"background-color":"var(--ast-global-color-5)","background-image":"","background-repeat":"repeat","background-position":"center center","background-size":"auto","background-attachment":"scroll","background-type":"","background-media":"","overlay-type":"","overlay-color":"","overlay-opacity":"","overlay-gradient":""}}},"product_brand":[],"product_cat":[24,28],"product_tag":[324],"class_list":{"0":"post-3475","1":"product","2":"type-product","3":"status-publish","4":"has-post-thumbnail","6":"product_cat-rochii","7":"product_cat-rochii-fetite","8":"product_tag-danota","9":"desktop-align-center","10":"tablet-align-left","11":"mobile-align-left","13":"first","14":"instock","15":"shipping-taxable","16":"purchasable","17":"product-type-simple"},"aioseo_notices":[],"jetpack_sharing_enabled":true,"_links":{"self":[{"href":"https:\/\/artisticexpressions.ro\/index.php\/wp-json\/wp\/v2\/product\/3475","targetHints":{"allow":["GET"]}}],"collection":[{"href":"https:\/\/artisticexpressions.ro\/index.php\/wp-json\/wp\/v2\/product"}],"about":[{"href":"https:\/\/artisticexpressions.ro\/index.php\/wp-json\/wp\/v2\/types\/product"}],"replies":[{"embeddable":true,"href":"https:\/\/artisticexpressions.ro\/index.php\/wp-json\/wp\/v2\/comments?post=3475"}],"wp:featuredmedia":[{"embeddable":true,"href":"https:\/\/artisticexpressions.ro\/index.php\/wp-json\/wp\/v2\/media\/3479"}],"wp:attachment":[{"href":"https:\/\/artisticexpressions.ro\/index.php\/wp-json\/wp\/v2\/media?parent=3475"}],"wp:term":[{"taxonomy":"product_brand","embeddable":true,"href":"https:\/\/artisticexpressions.ro\/index.php\/wp-json\/wp\/v2\/product_brand?post=3475"},{"taxonomy":"product_cat","embeddable":true,"href":"https:\/\/artisticexpressions.ro\/index.php\/wp-json\/wp\/v2\/product_cat?post=3475"},{"taxonomy":"product_tag","embeddable":true,"href":"https:\/\/artisticexpressions.ro\/index.php\/wp-json\/wp\/v2\/product_tag?post=3475"}],"curies":[{"name":"wp","href":"https:\/\/api.w.org\/{rel}","templated":true}]}}