{"id":3687,"date":"2025-10-30T21:05:31","date_gmt":"2025-10-30T19:05:31","guid":{"rendered":"https:\/\/artisticexpressions.ro\/?post_type=product&#038;p=3687"},"modified":"2025-10-30T21:05:31","modified_gmt":"2025-10-30T19:05:31","slug":"rochie-deliana","status":"publish","type":"product","link":"https:\/\/artisticexpressions.ro\/index.php\/produs\/rochie-deliana\/","title":{"rendered":"Rochie Deliana"},"content":{"rendered":"<p>\ud83d\udc8e Caracteristici speciale:<br \/>\n\u2714 Material de stof\u0103 \u2013 reflect\u0103 lumina delicat pentru un efect deosebit<br \/>\n\u2714 Diamante la bretele \u2013 un detaliu rafinat ce adaug\u0103 un aer sofisticat<br \/>\n\u2714 M\u00e2neci c\u0103zute din voal \u2013 pentru un plus de feminitate \u0219i stil<br \/>\n\u2714 Talia definit\u0103 \u2013 avantajeaz\u0103 silueta \u0219i contureaz\u0103 elegant corpul<br \/>\n\u2714 Lungime midi \u2013 versatil\u0103 \u0219i potrivit\u0103 pentru orice ocazie special\u0103<\/p>\n<p>\ud83c\udf38 Material: Stof\u0103<\/p>\n<p>\ud83d\udccf Disponibil\u0103 \u00een m\u0103rimile S, M, L.<br \/>\n\ud83d\udc83 Perfect\u0103 pentru nun\u021bi, botezuri, petreceri sau orice eveniment unde vrei s\u0103 fii admirat\u0103.<\/p>\n<p>\ud83d\udce9 Gr\u0103be\u0219te-te, stoc limitat! Comand\u0103 acum! \ud83d\udc96<\/p>\n","protected":false},"excerpt":{"rendered":"<p>\u2728 Rochie Elegant\u0103 din Stof\u0103 \u2728<\/p>\n<p>Rafineaz\u0103-\u021bi garderoba cu aceast\u0103 rochie spectaculoas\u0103 din stof\u0103, perfect\u0103 pentru evenimentele \u00een care vrei s\u0103 str\u0103luce\u0219ti. Elegan\u021ba clasic\u0103 se \u00eembin\u0103 armonios cu detaliile sofisticate, oferindu-\u021bi un look fermec\u0103tor.<\/p>\n","protected":false},"featured_media":3693,"comment_status":"open","ping_status":"closed","template":"","meta":{"_eb_attr":"","_monsterinsights_skip_tracking":false,"_monsterinsights_sitenote_active":false,"_monsterinsights_sitenote_note":"","_monsterinsights_sitenote_category":0,"site-sidebar-layout":"default","site-content-layout":"","ast-site-content-layout":"default","site-content-style":"default","site-sidebar-style":"default","ast-global-header-display":"","ast-banner-title-visibility":"","ast-main-header-display":"","ast-hfb-above-header-display":"","ast-hfb-below-header-display":"","ast-hfb-mobile-header-display":"","site-post-title":"","ast-breadcrumbs-content":"","ast-featured-img":"","footer-sml-layout":"","ast-disable-related-posts":"","theme-transparent-header-meta":"default","adv-header-id-meta":"","stick-header-meta":"","header-above-stick-meta":"","header-main-stick-meta":"","header-below-stick-meta":"","astra-migrate-meta-layouts":"set","ast-page-background-enabled":"default","ast-page-background-meta":{"desktop":{"background-color":"var(--ast-global-color-4)","background-image":"","background-repeat":"repeat","background-position":"center center","background-size":"auto","background-attachment":"scroll","background-type":"","background-media":"","overlay-type":"","overlay-color":"","overlay-opacity":"","overlay-gradient":""},"tablet":{"background-color":"","background-image":"","background-repeat":"repeat","background-position":"center center","background-size":"auto","background-attachment":"scroll","background-type":"","background-media":"","overlay-type":"","overlay-color":"","overlay-opacity":"","overlay-gradient":""},"mobile":{"background-color":"","background-image":"","background-repeat":"repeat","background-position":"center center","background-size":"auto","background-attachment":"scroll","background-type":"","background-media":"","overlay-type":"","overlay-color":"","overlay-opacity":"","overlay-gradient":""}},"ast-content-background-meta":{"desktop":{"background-color":"var(--ast-global-color-5)","background-image":"","background-repeat":"repeat","background-position":"center center","background-size":"auto","background-attachment":"scroll","background-type":"","background-media":"","overlay-type":"","overlay-color":"","overlay-opacity":"","overlay-gradient":""},"tablet":{"background-color":"var(--ast-global-color-5)","background-image":"","background-repeat":"repeat","background-position":"center center","background-size":"auto","background-attachment":"scroll","background-type":"","background-media":"","overlay-type":"","overlay-color":"","overlay-opacity":"","overlay-gradient":""},"mobile":{"background-color":"var(--ast-global-color-5)","background-image":"","background-repeat":"repeat","background-position":"center center","background-size":"auto","background-attachment":"scroll","background-type":"","background-media":"","overlay-type":"","overlay-color":"","overlay-opacity":"","overlay-gradient":""}}},"product_brand":[],"product_cat":[24,27],"product_tag":[337],"class_list":{"0":"post-3687","1":"product","2":"type-product","3":"status-publish","4":"has-post-thumbnail","6":"product_cat-rochii","7":"product_cat-rochii-elegante","8":"product_tag-deliana","9":"desktop-align-center","10":"tablet-align-left","11":"mobile-align-left","13":"first","14":"instock","15":"shipping-taxable","16":"purchasable","17":"product-type-variable"},"aioseo_notices":[],"jetpack_sharing_enabled":true,"_links":{"self":[{"href":"https:\/\/artisticexpressions.ro\/index.php\/wp-json\/wp\/v2\/product\/3687","targetHints":{"allow":["GET"]}}],"collection":[{"href":"https:\/\/artisticexpressions.ro\/index.php\/wp-json\/wp\/v2\/product"}],"about":[{"href":"https:\/\/artisticexpressions.ro\/index.php\/wp-json\/wp\/v2\/types\/product"}],"replies":[{"embeddable":true,"href":"https:\/\/artisticexpressions.ro\/index.php\/wp-json\/wp\/v2\/comments?post=3687"}],"wp:featuredmedia":[{"embeddable":true,"href":"https:\/\/artisticexpressions.ro\/index.php\/wp-json\/wp\/v2\/media\/3693"}],"wp:attachment":[{"href":"https:\/\/artisticexpressions.ro\/index.php\/wp-json\/wp\/v2\/media?parent=3687"}],"wp:term":[{"taxonomy":"product_brand","embeddable":true,"href":"https:\/\/artisticexpressions.ro\/index.php\/wp-json\/wp\/v2\/product_brand?post=3687"},{"taxonomy":"product_cat","embeddable":true,"href":"https:\/\/artisticexpressions.ro\/index.php\/wp-json\/wp\/v2\/product_cat?post=3687"},{"taxonomy":"product_tag","embeddable":true,"href":"https:\/\/artisticexpressions.ro\/index.php\/wp-json\/wp\/v2\/product_tag?post=3687"}],"curies":[{"name":"wp","href":"https:\/\/api.w.org\/{rel}","templated":true}]}}