{"id":3802,"date":"2026-04-23T23:24:05","date_gmt":"2026-04-23T21:24:05","guid":{"rendered":"https:\/\/artisticexpressions.ro\/?post_type=product&#038;p=3802"},"modified":"2026-04-23T23:24:05","modified_gmt":"2026-04-23T21:24:05","slug":"compleu-elegant-cadina","status":"publish","type":"product","link":"https:\/\/artisticexpressions.ro\/index.php\/produs\/compleu-elegant-cadina\/","title":{"rendered":"Compleu elegant Cadina"},"content":{"rendered":"<p>Compleul Cadina este definit\u0103 prin echilibrul perfect dintre structur\u0103 \u0219i fluiditate. Piesa central\u0103 este corsetul realizat din taft\u0103 elastic\u0103, care ofer\u0103 o sus\u021binere impecabil\u0103 \u0219i o form\u0103 definit\u0103, fiind decorat discret cu aplica\u021bii rafinate la nivelul decolteului \u0219i al taliei.<br \/>\nContrastul vizual \u0219i tactil este oferit de fusta din triplu voal, care curge lejer, ad\u0103ug\u00e2nd volum \u0219i gra\u021bie fiec\u0103rei mi\u0219c\u0103ri. \u021ainuta este completat\u0103 de o e\u0219arf\u0103 asortat\u0103 din acela\u0219i voal, care \u00eembrac\u0103 umerii cu delicate\u021be, conferind un aer nobil \u0219i un look unitar. Alegerea materialelor premium \u0219i aten\u021bia la detalii fac din aceast compleu, o op\u021biune distins\u0103 pentru orice ocazie special\u0103.<\/p>\n<p>Compozi\u021bie: Corset din taft\u0103 elastic\u0103; fust\u0103 \u0219i e\u0219arf\u0103 din triplu voal<br \/>\nCuloare: Verde<br \/>\nM\u0103rimi disponibile: XS | S | M<\/p>\n","protected":false},"excerpt":{"rendered":"<p>Descoper\u0103 rafinamentul compleului Cadina, o pies\u0103 ce combin\u0103 armonios un corset structurat din taft\u0103 elastic\u0103 cu fluiditatea fustei \u0219i a e\u0219arfei din triplu voal. Aceast\u0103 crea\u021bie distins\u0103 este ideal\u0103 pentru evenimentele unde dore\u0219ti s\u0103 emani elegan\u021b\u0103 \u0219i o not\u0103 de prospe\u021bime.<\/p>\n","protected":false},"featured_media":3814,"comment_status":"open","ping_status":"closed","template":"","meta":{"_eb_attr":"","_monsterinsights_skip_tracking":false,"_monsterinsights_sitenote_active":false,"_monsterinsights_sitenote_note":"","_monsterinsights_sitenote_category":0,"site-sidebar-layout":"default","site-content-layout":"","ast-site-content-layout":"default","site-content-style":"default","site-sidebar-style":"default","ast-global-header-display":"","ast-banner-title-visibility":"","ast-main-header-display":"","ast-hfb-above-header-display":"","ast-hfb-below-header-display":"","ast-hfb-mobile-header-display":"","site-post-title":"","ast-breadcrumbs-content":"","ast-featured-img":"","footer-sml-layout":"","ast-disable-related-posts":"","theme-transparent-header-meta":"default","adv-header-id-meta":"","stick-header-meta":"","header-above-stick-meta":"","header-main-stick-meta":"","header-below-stick-meta":"","astra-migrate-meta-layouts":"set","ast-page-background-enabled":"default","ast-page-background-meta":{"desktop":{"background-color":"var(--ast-global-color-4)","background-image":"","background-repeat":"repeat","background-position":"center center","background-size":"auto","background-attachment":"scroll","background-type":"","background-media":"","overlay-type":"","overlay-color":"","overlay-opacity":"","overlay-gradient":""},"tablet":{"background-color":"","background-image":"","background-repeat":"repeat","background-position":"center center","background-size":"auto","background-attachment":"scroll","background-type":"","background-media":"","overlay-type":"","overlay-color":"","overlay-opacity":"","overlay-gradient":""},"mobile":{"background-color":"","background-image":"","background-repeat":"repeat","background-position":"center center","background-size":"auto","background-attachment":"scroll","background-type":"","background-media":"","overlay-type":"","overlay-color":"","overlay-opacity":"","overlay-gradient":""}},"ast-content-background-meta":{"desktop":{"background-color":"var(--ast-global-color-5)","background-image":"","background-repeat":"repeat","background-position":"center center","background-size":"auto","background-attachment":"scroll","background-type":"","background-media":"","overlay-type":"","overlay-color":"","overlay-opacity":"","overlay-gradient":""},"tablet":{"background-color":"var(--ast-global-color-5)","background-image":"","background-repeat":"repeat","background-position":"center center","background-size":"auto","background-attachment":"scroll","background-type":"","background-media":"","overlay-type":"","overlay-color":"","overlay-opacity":"","overlay-gradient":""},"mobile":{"background-color":"var(--ast-global-color-5)","background-image":"","background-repeat":"repeat","background-position":"center center","background-size":"auto","background-attachment":"scroll","background-type":"","background-media":"","overlay-type":"","overlay-color":"","overlay-opacity":"","overlay-gradient":""}}},"product_brand":[],"product_cat":[24,27],"product_tag":[347],"class_list":{"0":"post-3802","1":"product","2":"type-product","3":"status-publish","4":"has-post-thumbnail","6":"product_cat-rochii","7":"product_cat-rochii-elegante","8":"product_tag-cadina","9":"desktop-align-center","10":"tablet-align-left","11":"mobile-align-left","13":"first","14":"instock","15":"shipping-taxable","16":"purchasable","17":"product-type-variable"},"aioseo_notices":[],"jetpack_sharing_enabled":true,"_links":{"self":[{"href":"https:\/\/artisticexpressions.ro\/index.php\/wp-json\/wp\/v2\/product\/3802","targetHints":{"allow":["GET"]}}],"collection":[{"href":"https:\/\/artisticexpressions.ro\/index.php\/wp-json\/wp\/v2\/product"}],"about":[{"href":"https:\/\/artisticexpressions.ro\/index.php\/wp-json\/wp\/v2\/types\/product"}],"replies":[{"embeddable":true,"href":"https:\/\/artisticexpressions.ro\/index.php\/wp-json\/wp\/v2\/comments?post=3802"}],"wp:featuredmedia":[{"embeddable":true,"href":"https:\/\/artisticexpressions.ro\/index.php\/wp-json\/wp\/v2\/media\/3814"}],"wp:attachment":[{"href":"https:\/\/artisticexpressions.ro\/index.php\/wp-json\/wp\/v2\/media?parent=3802"}],"wp:term":[{"taxonomy":"product_brand","embeddable":true,"href":"https:\/\/artisticexpressions.ro\/index.php\/wp-json\/wp\/v2\/product_brand?post=3802"},{"taxonomy":"product_cat","embeddable":true,"href":"https:\/\/artisticexpressions.ro\/index.php\/wp-json\/wp\/v2\/product_cat?post=3802"},{"taxonomy":"product_tag","embeddable":true,"href":"https:\/\/artisticexpressions.ro\/index.php\/wp-json\/wp\/v2\/product_tag?post=3802"}],"curies":[{"name":"wp","href":"https:\/\/api.w.org\/{rel}","templated":true}]}}