{"id":3815,"date":"2026-04-23T23:33:38","date_gmt":"2026-04-23T21:33:38","guid":{"rendered":"https:\/\/artisticexpressions.ro\/?post_type=product&#038;p=3815"},"modified":"2026-04-23T23:33:38","modified_gmt":"2026-04-23T21:33:38","slug":"compleu-elegant-danya","status":"publish","type":"product","link":"https:\/\/artisticexpressions.ro\/index.php\/produs\/compleu-elegant-danya\/","title":{"rendered":"Compleu elegant Danya"},"content":{"rendered":"<p>Compleul Danya reprezint\u0103 alegerea ideal\u0103 pentru un look sofisticat \u0219i discret. Piesa este construit\u0103 \u00een jurul unui corset din stof\u0103, care ofer\u0103 structur\u0103 \u0219i o linie definit\u0103 trunchiului, fiind completat armonios de o fust\u0103 din voal, care adaug\u0103 fluiditate \u0219i o not\u0103 eteric\u0103 fiec\u0103rei mi\u0219c\u0103ri.<br \/>\nVersatilitatea acestei \u021binute este completat\u0103 de e\u0219arfa din acela\u0219i voal, care \u00eembrac\u0103 umerii cu gra\u021bie, oferind un plus de stil \u0219i acoperire. Nuan\u021ba neutr\u0103 \u0219i croiala clasic\u0103 fac din compleul Danya o pies\u0103 vestimentar\u0103 de baz\u0103 \u00een garderoba oric\u0103rei femei care apreciaz\u0103 bunul gust \u0219i rafinamentul.<\/p>\n<p>Compozi\u021bie: Corset din stof\u0103; Fust\u0103 \u0219i e\u0219arf\u0103 din voal<br \/>\nCuloare: Nude<br \/>\nM\u0103rimi disponibile: XS | S | M<\/p>\n","protected":false},"excerpt":{"rendered":"<p>Compleul Danya eman\u0103 o elegan\u021b\u0103 atemporal\u0103 prin simplitatea \u0219i rafinamentul designului s\u0103u. Combina\u021bia dintre corsetul structurat din stof\u0103 \u0219i fusta fluid\u0103 din voal creeaz\u0103 o siluet\u0103 echilibrat\u0103 \u0219i distins\u0103, perfect\u0103 pentru momentele speciale.<\/p>\n","protected":false},"featured_media":3821,"comment_status":"open","ping_status":"closed","template":"","meta":{"_eb_attr":"","_monsterinsights_skip_tracking":false,"_monsterinsights_sitenote_active":false,"_monsterinsights_sitenote_note":"","_monsterinsights_sitenote_category":0,"site-sidebar-layout":"default","site-content-layout":"","ast-site-content-layout":"default","site-content-style":"default","site-sidebar-style":"default","ast-global-header-display":"","ast-banner-title-visibility":"","ast-main-header-display":"","ast-hfb-above-header-display":"","ast-hfb-below-header-display":"","ast-hfb-mobile-header-display":"","site-post-title":"","ast-breadcrumbs-content":"","ast-featured-img":"","footer-sml-layout":"","ast-disable-related-posts":"","theme-transparent-header-meta":"default","adv-header-id-meta":"","stick-header-meta":"","header-above-stick-meta":"","header-main-stick-meta":"","header-below-stick-meta":"","astra-migrate-meta-layouts":"set","ast-page-background-enabled":"default","ast-page-background-meta":{"desktop":{"background-color":"var(--ast-global-color-4)","background-image":"","background-repeat":"repeat","background-position":"center center","background-size":"auto","background-attachment":"scroll","background-type":"","background-media":"","overlay-type":"","overlay-color":"","overlay-opacity":"","overlay-gradient":""},"tablet":{"background-color":"","background-image":"","background-repeat":"repeat","background-position":"center center","background-size":"auto","background-attachment":"scroll","background-type":"","background-media":"","overlay-type":"","overlay-color":"","overlay-opacity":"","overlay-gradient":""},"mobile":{"background-color":"","background-image":"","background-repeat":"repeat","background-position":"center center","background-size":"auto","background-attachment":"scroll","background-type":"","background-media":"","overlay-type":"","overlay-color":"","overlay-opacity":"","overlay-gradient":""}},"ast-content-background-meta":{"desktop":{"background-color":"var(--ast-global-color-5)","background-image":"","background-repeat":"repeat","background-position":"center center","background-size":"auto","background-attachment":"scroll","background-type":"","background-media":"","overlay-type":"","overlay-color":"","overlay-opacity":"","overlay-gradient":""},"tablet":{"background-color":"var(--ast-global-color-5)","background-image":"","background-repeat":"repeat","background-position":"center center","background-size":"auto","background-attachment":"scroll","background-type":"","background-media":"","overlay-type":"","overlay-color":"","overlay-opacity":"","overlay-gradient":""},"mobile":{"background-color":"var(--ast-global-color-5)","background-image":"","background-repeat":"repeat","background-position":"center center","background-size":"auto","background-attachment":"scroll","background-type":"","background-media":"","overlay-type":"","overlay-color":"","overlay-opacity":"","overlay-gradient":""}}},"product_brand":[],"product_cat":[24,27],"product_tag":[158],"class_list":{"0":"post-3815","1":"product","2":"type-product","3":"status-publish","4":"has-post-thumbnail","6":"product_cat-rochii","7":"product_cat-rochii-elegante","8":"product_tag-danya","9":"desktop-align-center","10":"tablet-align-left","11":"mobile-align-left","13":"first","14":"instock","15":"shipping-taxable","16":"purchasable","17":"product-type-variable"},"aioseo_notices":[],"jetpack_sharing_enabled":true,"_links":{"self":[{"href":"https:\/\/artisticexpressions.ro\/index.php\/wp-json\/wp\/v2\/product\/3815","targetHints":{"allow":["GET"]}}],"collection":[{"href":"https:\/\/artisticexpressions.ro\/index.php\/wp-json\/wp\/v2\/product"}],"about":[{"href":"https:\/\/artisticexpressions.ro\/index.php\/wp-json\/wp\/v2\/types\/product"}],"replies":[{"embeddable":true,"href":"https:\/\/artisticexpressions.ro\/index.php\/wp-json\/wp\/v2\/comments?post=3815"}],"wp:featuredmedia":[{"embeddable":true,"href":"https:\/\/artisticexpressions.ro\/index.php\/wp-json\/wp\/v2\/media\/3821"}],"wp:attachment":[{"href":"https:\/\/artisticexpressions.ro\/index.php\/wp-json\/wp\/v2\/media?parent=3815"}],"wp:term":[{"taxonomy":"product_brand","embeddable":true,"href":"https:\/\/artisticexpressions.ro\/index.php\/wp-json\/wp\/v2\/product_brand?post=3815"},{"taxonomy":"product_cat","embeddable":true,"href":"https:\/\/artisticexpressions.ro\/index.php\/wp-json\/wp\/v2\/product_cat?post=3815"},{"taxonomy":"product_tag","embeddable":true,"href":"https:\/\/artisticexpressions.ro\/index.php\/wp-json\/wp\/v2\/product_tag?post=3815"}],"curies":[{"name":"wp","href":"https:\/\/api.w.org\/{rel}","templated":true}]}}