{"id":3824,"date":"2026-04-23T23:40:50","date_gmt":"2026-04-23T21:40:50","guid":{"rendered":"https:\/\/artisticexpressions.ro\/?post_type=product&#038;p=3824"},"modified":"2026-04-23T23:40:50","modified_gmt":"2026-04-23T21:40:50","slug":"costum-virette","status":"publish","type":"product","link":"https:\/\/artisticexpressions.ro\/index.php\/produs\/costum-virette\/","title":{"rendered":"Costum Virette"},"content":{"rendered":"<p>O \u021binut\u0103 complet\u0103 conceput\u0103 pentru tinerii domni care apreciaz\u0103 stilul relaxat, f\u0103r\u0103 a compromite elegan\u021ba. C\u0103ma\u0219a este confec\u021bionat\u0103 dintr-un material premium, un amestec de bumbac moale \u0219i in texturat, asigur\u00e2nd confort optim \u0219i respirabilitate chiar \u0219i \u00een cele mai calde zile. Designul clasic prezint\u0103 o nuan\u021b\u0103 subtil\u0103 de gri-lila deschis, guler finisat \u0219i nasturi asorta\u021bi. Un detaliu practic este man\u0219eta m\u00e2necii, care permite suflecarea \u0219i fixarea acesteia, oferind versatilitate \u00een purtare.<br \/>\nPantalonii, \u00een stil chinos de culoare bej, sunt realiza\u021bi din tercot durabil, un material rezistent la uzur\u0103, dar suficient de moale pentru a asigura libertate de mi\u0219care. Ace\u0219tia au o croial\u0103 modern\u0103, dreapt\u0103, buzunare practice \u0219i sunt ideali pentru a completa at\u00e2t \u021binute casual cu tricou, c\u00e2t \u0219i look-uri mai formale cu c\u0103ma\u0219\u0103. Aceast\u0103 combina\u021bie este o pies\u0103 de baz\u0103 versatil\u0103 \u00een garderoba oric\u0103rui b\u0103iat.<\/p>\n<p>Compozi\u021bie: C\u0103ma\u0219\u0103 din bumbac cu in; Pantaloni din tercot.<br \/>\nCuloare: C\u0103ma\u0219\u0103 gri; Pantaloni bej<\/p>\n","protected":false},"excerpt":{"rendered":"<p>Aceast\u0103 combina\u021bie casual-elegant\u0103 pentru b\u0103ie\u021bi este ideal\u0103 pentru zilele calde de var\u0103. C\u0103ma\u0219a, realizat\u0103 dintr-un amestec respirabil de bumbac \u0219i in \u00een nuan\u021be discrete, se asorteaz\u0103 perfect cu pantalonii bej din tercot rezistent, oferind un look \u00eengrijit \u0219i confortabil pentru plimb\u0103ri sau evenimente relaxate.<\/p>\n","protected":false},"featured_media":3827,"comment_status":"open","ping_status":"closed","template":"","meta":{"_eb_attr":"","_monsterinsights_skip_tracking":false,"_monsterinsights_sitenote_active":false,"_monsterinsights_sitenote_note":"","_monsterinsights_sitenote_category":0,"site-sidebar-layout":"default","site-content-layout":"","ast-site-content-layout":"default","site-content-style":"default","site-sidebar-style":"default","ast-global-header-display":"","ast-banner-title-visibility":"","ast-main-header-display":"","ast-hfb-above-header-display":"","ast-hfb-below-header-display":"","ast-hfb-mobile-header-display":"","site-post-title":"","ast-breadcrumbs-content":"","ast-featured-img":"","footer-sml-layout":"","ast-disable-related-posts":"","theme-transparent-header-meta":"default","adv-header-id-meta":"","stick-header-meta":"","header-above-stick-meta":"","header-main-stick-meta":"","header-below-stick-meta":"","astra-migrate-meta-layouts":"set","ast-page-background-enabled":"default","ast-page-background-meta":{"desktop":{"background-color":"var(--ast-global-color-4)","background-image":"","background-repeat":"repeat","background-position":"center center","background-size":"auto","background-attachment":"scroll","background-type":"","background-media":"","overlay-type":"","overlay-color":"","overlay-opacity":"","overlay-gradient":""},"tablet":{"background-color":"","background-image":"","background-repeat":"repeat","background-position":"center center","background-size":"auto","background-attachment":"scroll","background-type":"","background-media":"","overlay-type":"","overlay-color":"","overlay-opacity":"","overlay-gradient":""},"mobile":{"background-color":"","background-image":"","background-repeat":"repeat","background-position":"center center","background-size":"auto","background-attachment":"scroll","background-type":"","background-media":"","overlay-type":"","overlay-color":"","overlay-opacity":"","overlay-gradient":""}},"ast-content-background-meta":{"desktop":{"background-color":"var(--ast-global-color-5)","background-image":"","background-repeat":"repeat","background-position":"center center","background-size":"auto","background-attachment":"scroll","background-type":"","background-media":"","overlay-type":"","overlay-color":"","overlay-opacity":"","overlay-gradient":""},"tablet":{"background-color":"var(--ast-global-color-5)","background-image":"","background-repeat":"repeat","background-position":"center center","background-size":"auto","background-attachment":"scroll","background-type":"","background-media":"","overlay-type":"","overlay-color":"","overlay-opacity":"","overlay-gradient":""},"mobile":{"background-color":"var(--ast-global-color-5)","background-image":"","background-repeat":"repeat","background-position":"center center","background-size":"auto","background-attachment":"scroll","background-type":"","background-media":"","overlay-type":"","overlay-color":"","overlay-opacity":"","overlay-gradient":""}}},"product_brand":[],"product_cat":[19],"product_tag":[348],"class_list":{"0":"post-3824","1":"product","2":"type-product","3":"status-publish","4":"has-post-thumbnail","6":"product_cat-costume","7":"product_tag-virette","8":"desktop-align-center","9":"tablet-align-left","10":"mobile-align-left","12":"first","13":"instock","14":"shipping-taxable","15":"purchasable","16":"product-type-simple"},"aioseo_notices":[],"jetpack_sharing_enabled":true,"_links":{"self":[{"href":"https:\/\/artisticexpressions.ro\/index.php\/wp-json\/wp\/v2\/product\/3824","targetHints":{"allow":["GET"]}}],"collection":[{"href":"https:\/\/artisticexpressions.ro\/index.php\/wp-json\/wp\/v2\/product"}],"about":[{"href":"https:\/\/artisticexpressions.ro\/index.php\/wp-json\/wp\/v2\/types\/product"}],"replies":[{"embeddable":true,"href":"https:\/\/artisticexpressions.ro\/index.php\/wp-json\/wp\/v2\/comments?post=3824"}],"wp:featuredmedia":[{"embeddable":true,"href":"https:\/\/artisticexpressions.ro\/index.php\/wp-json\/wp\/v2\/media\/3827"}],"wp:attachment":[{"href":"https:\/\/artisticexpressions.ro\/index.php\/wp-json\/wp\/v2\/media?parent=3824"}],"wp:term":[{"taxonomy":"product_brand","embeddable":true,"href":"https:\/\/artisticexpressions.ro\/index.php\/wp-json\/wp\/v2\/product_brand?post=3824"},{"taxonomy":"product_cat","embeddable":true,"href":"https:\/\/artisticexpressions.ro\/index.php\/wp-json\/wp\/v2\/product_cat?post=3824"},{"taxonomy":"product_tag","embeddable":true,"href":"https:\/\/artisticexpressions.ro\/index.php\/wp-json\/wp\/v2\/product_tag?post=3824"}],"curies":[{"name":"wp","href":"https:\/\/api.w.org\/{rel}","templated":true}]}}