{"id":3913,"date":"2026-04-24T12:36:39","date_gmt":"2026-04-24T10:36:39","guid":{"rendered":"https:\/\/artisticexpressions.ro\/?post_type=product&#038;p=3913"},"modified":"2026-04-24T12:36:39","modified_gmt":"2026-04-24T10:36:39","slug":"rochie-lunessa","status":"publish","type":"product","link":"https:\/\/artisticexpressions.ro\/index.php\/produs\/rochie-lunessa\/","title":{"rendered":"Rochie Lunessa"},"content":{"rendered":"<p>Rochia Lunessa este o crea\u021bie definit\u0103 prin contrastul armonios dintre texturi. Partea superioar\u0103 este pus\u0103 \u00een valoare de paietele aplicate, care adaug\u0103 o not\u0103 de luminozitate \u0219i pre\u021biozitate \u00eentregii \u021binute, fiind completat\u0103 armonios de un guler clasic ce ofer\u0103 un plus de rafinament.<br \/>\nCorpul rochiei este realizat din taft\u0103 elastic\u0103, asigur\u00e2nd o potrivire impecabil\u0103 \u0219i un confort sporit pe tot parcursul purt\u0103rii. Aceast\u0103 combina\u021bie de materiale ofer\u0103 un look echilibrat \u2013 suficient de str\u0103lucitor pentru ocazii speciale, dar p\u0103str\u00e2nd \u00een acela\u0219i timp o linie sobr\u0103 \u0219i elegant\u0103. Este o pies\u0103 vestimentar\u0103 conceput\u0103 pentru a eviden\u021bia o prezen\u021b\u0103 distins\u0103 \u0219i plin\u0103 de stil.<\/p>\n<p>Compozi\u021bie: Taft\u0103 elastic\u0103 cu aplica\u021bii de paiete<br \/>\nCuloare: Verde smarald<br \/>\nM\u0103rimi disponibile: XS|S|M<\/p>\n","protected":false},"excerpt":{"rendered":"<p>Rochia Lunessa \u00eembin\u0103 perfect elegan\u021ba taftalei elastice cu str\u0103lucirea discret\u0103 a paietelor. Cu un design structurat, guler finisat \u0219i o croial\u0103 modern\u0103, aceast\u0103 rochie este alegerea ideal\u0103 pentru evenimentele de sear\u0103 unde dore\u0219ti s\u0103 emani un stil sofisticat \u0219i distinct.<\/p>\n","protected":false},"featured_media":3918,"comment_status":"open","ping_status":"closed","template":"","meta":{"_eb_attr":"","_monsterinsights_skip_tracking":false,"_monsterinsights_sitenote_active":false,"_monsterinsights_sitenote_note":"","_monsterinsights_sitenote_category":0,"site-sidebar-layout":"default","site-content-layout":"","ast-site-content-layout":"default","site-content-style":"default","site-sidebar-style":"default","ast-global-header-display":"","ast-banner-title-visibility":"","ast-main-header-display":"","ast-hfb-above-header-display":"","ast-hfb-below-header-display":"","ast-hfb-mobile-header-display":"","site-post-title":"","ast-breadcrumbs-content":"","ast-featured-img":"","footer-sml-layout":"","ast-disable-related-posts":"","theme-transparent-header-meta":"default","adv-header-id-meta":"","stick-header-meta":"","header-above-stick-meta":"","header-main-stick-meta":"","header-below-stick-meta":"","astra-migrate-meta-layouts":"set","ast-page-background-enabled":"default","ast-page-background-meta":{"desktop":{"background-color":"var(--ast-global-color-4)","background-image":"","background-repeat":"repeat","background-position":"center center","background-size":"auto","background-attachment":"scroll","background-type":"","background-media":"","overlay-type":"","overlay-color":"","overlay-opacity":"","overlay-gradient":""},"tablet":{"background-color":"","background-image":"","background-repeat":"repeat","background-position":"center center","background-size":"auto","background-attachment":"scroll","background-type":"","background-media":"","overlay-type":"","overlay-color":"","overlay-opacity":"","overlay-gradient":""},"mobile":{"background-color":"","background-image":"","background-repeat":"repeat","background-position":"center center","background-size":"auto","background-attachment":"scroll","background-type":"","background-media":"","overlay-type":"","overlay-color":"","overlay-opacity":"","overlay-gradient":""}},"ast-content-background-meta":{"desktop":{"background-color":"var(--ast-global-color-5)","background-image":"","background-repeat":"repeat","background-position":"center center","background-size":"auto","background-attachment":"scroll","background-type":"","background-media":"","overlay-type":"","overlay-color":"","overlay-opacity":"","overlay-gradient":""},"tablet":{"background-color":"var(--ast-global-color-5)","background-image":"","background-repeat":"repeat","background-position":"center center","background-size":"auto","background-attachment":"scroll","background-type":"","background-media":"","overlay-type":"","overlay-color":"","overlay-opacity":"","overlay-gradient":""},"mobile":{"background-color":"var(--ast-global-color-5)","background-image":"","background-repeat":"repeat","background-position":"center center","background-size":"auto","background-attachment":"scroll","background-type":"","background-media":"","overlay-type":"","overlay-color":"","overlay-opacity":"","overlay-gradient":""}}},"product_brand":[],"product_cat":[24,27],"product_tag":[357],"class_list":{"0":"post-3913","1":"product","2":"type-product","3":"status-publish","4":"has-post-thumbnail","6":"product_cat-rochii","7":"product_cat-rochii-elegante","8":"product_tag-lunessa","9":"desktop-align-center","10":"tablet-align-left","11":"mobile-align-left","13":"first","14":"instock","15":"shipping-taxable","16":"purchasable","17":"product-type-variable"},"aioseo_notices":[],"jetpack_sharing_enabled":true,"_links":{"self":[{"href":"https:\/\/artisticexpressions.ro\/index.php\/wp-json\/wp\/v2\/product\/3913","targetHints":{"allow":["GET"]}}],"collection":[{"href":"https:\/\/artisticexpressions.ro\/index.php\/wp-json\/wp\/v2\/product"}],"about":[{"href":"https:\/\/artisticexpressions.ro\/index.php\/wp-json\/wp\/v2\/types\/product"}],"replies":[{"embeddable":true,"href":"https:\/\/artisticexpressions.ro\/index.php\/wp-json\/wp\/v2\/comments?post=3913"}],"wp:featuredmedia":[{"embeddable":true,"href":"https:\/\/artisticexpressions.ro\/index.php\/wp-json\/wp\/v2\/media\/3918"}],"wp:attachment":[{"href":"https:\/\/artisticexpressions.ro\/index.php\/wp-json\/wp\/v2\/media?parent=3913"}],"wp:term":[{"taxonomy":"product_brand","embeddable":true,"href":"https:\/\/artisticexpressions.ro\/index.php\/wp-json\/wp\/v2\/product_brand?post=3913"},{"taxonomy":"product_cat","embeddable":true,"href":"https:\/\/artisticexpressions.ro\/index.php\/wp-json\/wp\/v2\/product_cat?post=3913"},{"taxonomy":"product_tag","embeddable":true,"href":"https:\/\/artisticexpressions.ro\/index.php\/wp-json\/wp\/v2\/product_tag?post=3913"}],"curies":[{"name":"wp","href":"https:\/\/api.w.org\/{rel}","templated":true}]}}