{"id":3935,"date":"2026-04-24T12:48:57","date_gmt":"2026-04-24T10:48:57","guid":{"rendered":"https:\/\/artisticexpressions.ro\/?post_type=product&#038;p=3935"},"modified":"2026-04-24T12:48:58","modified_gmt":"2026-04-24T10:48:58","slug":"rochie-seralyn","status":"publish","type":"product","link":"https:\/\/artisticexpressions.ro\/index.php\/produs\/rochie-seralyn\/","title":{"rendered":"Rochie Seralyn"},"content":{"rendered":"<p>Rochia Seralyn aduce prospe\u021bime \u00een garderoba ta, fiind creat\u0103 pentru momentele \u00een care dore\u0219ti s\u0103 emani energie pozitiv\u0103 \u0219i elegan\u021b\u0103 relaxat\u0103. Confec\u021bionat\u0103 din tercot imprimat, materialul ofer\u0103 o structur\u0103 pl\u0103cut\u0103 \u0219i o rezisten\u021b\u0103 excelent\u0103, men\u021bin\u00e2ndu-\u0219i forma impecabil pe parcursul \u00eentregii zile.<br \/>\nDesignul este atent studiat pentru a sublinia silueta \u00eentr-un mod natural. Detaliile cu volane care pornesc de la linia umerilor \u0219i \u00eencadreaz\u0103 decolteul \u00een V adaug\u0103 un farmec aparte, oferind dinamism \u00eentregii \u021binute. Croiala cu talie marcat\u0103 \u0219i fusta u\u0219or evazat\u0103 asigur\u0103 o libertate de mi\u0219care deplin\u0103, f\u0103c\u00e2nd din aceast\u0103 rochie o pies\u0103 versatil\u0103, potrivit\u0103 pentru evenimente \u00een aer liber sau ocazii speciale de zi.<\/p>\n<p>Compozi\u021bie: Tercot imprimat<br \/>\nCuloare: Alb cu imprimeu floral<br \/>\nM\u0103rimi disponibile: XS|S|M<\/p>\n","protected":false},"excerpt":{"rendered":"<p>Rochia Seralyn este alegerea perfect\u0103 pentru o apari\u021bie plin\u0103 de via\u021b\u0103 \u0219i stil. Cu un imprimeu floral vibrant pe un fundal luminos, aceast\u0103 pies\u0103 se remarc\u0103 prin volanele delicate care \u00eencadreaz\u0103 decolteul \u0219i m\u00e2necile, oferind un look romantic \u0219i confortabil \u00een acela\u0219i timp.<\/p>\n","protected":false},"featured_media":3940,"comment_status":"open","ping_status":"closed","template":"","meta":{"_eb_attr":"","_monsterinsights_skip_tracking":false,"_monsterinsights_sitenote_active":false,"_monsterinsights_sitenote_note":"","_monsterinsights_sitenote_category":0,"site-sidebar-layout":"default","site-content-layout":"","ast-site-content-layout":"default","site-content-style":"default","site-sidebar-style":"default","ast-global-header-display":"","ast-banner-title-visibility":"","ast-main-header-display":"","ast-hfb-above-header-display":"","ast-hfb-below-header-display":"","ast-hfb-mobile-header-display":"","site-post-title":"","ast-breadcrumbs-content":"","ast-featured-img":"","footer-sml-layout":"","ast-disable-related-posts":"","theme-transparent-header-meta":"default","adv-header-id-meta":"","stick-header-meta":"","header-above-stick-meta":"","header-main-stick-meta":"","header-below-stick-meta":"","astra-migrate-meta-layouts":"set","ast-page-background-enabled":"default","ast-page-background-meta":{"desktop":{"background-color":"var(--ast-global-color-4)","background-image":"","background-repeat":"repeat","background-position":"center center","background-size":"auto","background-attachment":"scroll","background-type":"","background-media":"","overlay-type":"","overlay-color":"","overlay-opacity":"","overlay-gradient":""},"tablet":{"background-color":"","background-image":"","background-repeat":"repeat","background-position":"center center","background-size":"auto","background-attachment":"scroll","background-type":"","background-media":"","overlay-type":"","overlay-color":"","overlay-opacity":"","overlay-gradient":""},"mobile":{"background-color":"","background-image":"","background-repeat":"repeat","background-position":"center center","background-size":"auto","background-attachment":"scroll","background-type":"","background-media":"","overlay-type":"","overlay-color":"","overlay-opacity":"","overlay-gradient":""}},"ast-content-background-meta":{"desktop":{"background-color":"var(--ast-global-color-5)","background-image":"","background-repeat":"repeat","background-position":"center center","background-size":"auto","background-attachment":"scroll","background-type":"","background-media":"","overlay-type":"","overlay-color":"","overlay-opacity":"","overlay-gradient":""},"tablet":{"background-color":"var(--ast-global-color-5)","background-image":"","background-repeat":"repeat","background-position":"center center","background-size":"auto","background-attachment":"scroll","background-type":"","background-media":"","overlay-type":"","overlay-color":"","overlay-opacity":"","overlay-gradient":""},"mobile":{"background-color":"var(--ast-global-color-5)","background-image":"","background-repeat":"repeat","background-position":"center center","background-size":"auto","background-attachment":"scroll","background-type":"","background-media":"","overlay-type":"","overlay-color":"","overlay-opacity":"","overlay-gradient":""}}},"product_brand":[],"product_cat":[24,27],"product_tag":[359],"class_list":{"0":"post-3935","1":"product","2":"type-product","3":"status-publish","4":"has-post-thumbnail","6":"product_cat-rochii","7":"product_cat-rochii-elegante","8":"product_tag-seralyn","9":"desktop-align-center","10":"tablet-align-left","11":"mobile-align-left","13":"first","14":"instock","15":"shipping-taxable","16":"purchasable","17":"product-type-variable"},"aioseo_notices":[],"jetpack_sharing_enabled":true,"_links":{"self":[{"href":"https:\/\/artisticexpressions.ro\/index.php\/wp-json\/wp\/v2\/product\/3935","targetHints":{"allow":["GET"]}}],"collection":[{"href":"https:\/\/artisticexpressions.ro\/index.php\/wp-json\/wp\/v2\/product"}],"about":[{"href":"https:\/\/artisticexpressions.ro\/index.php\/wp-json\/wp\/v2\/types\/product"}],"replies":[{"embeddable":true,"href":"https:\/\/artisticexpressions.ro\/index.php\/wp-json\/wp\/v2\/comments?post=3935"}],"wp:featuredmedia":[{"embeddable":true,"href":"https:\/\/artisticexpressions.ro\/index.php\/wp-json\/wp\/v2\/media\/3940"}],"wp:attachment":[{"href":"https:\/\/artisticexpressions.ro\/index.php\/wp-json\/wp\/v2\/media?parent=3935"}],"wp:term":[{"taxonomy":"product_brand","embeddable":true,"href":"https:\/\/artisticexpressions.ro\/index.php\/wp-json\/wp\/v2\/product_brand?post=3935"},{"taxonomy":"product_cat","embeddable":true,"href":"https:\/\/artisticexpressions.ro\/index.php\/wp-json\/wp\/v2\/product_cat?post=3935"},{"taxonomy":"product_tag","embeddable":true,"href":"https:\/\/artisticexpressions.ro\/index.php\/wp-json\/wp\/v2\/product_tag?post=3935"}],"curies":[{"name":"wp","href":"https:\/\/api.w.org\/{rel}","templated":true}]}}